{"id":2031,"date":"2024-10-11T17:45:04","date_gmt":"2024-10-11T17:45:04","guid":{"rendered":"https:\/\/florencegrandtour.com\/unser-warum\/"},"modified":"2024-10-11T17:45:04","modified_gmt":"2024-10-11T17:45:04","slug":"unser-warum","status":"publish","type":"page","link":"https:\/\/florencegrandtour.com\/de\/unser-warum\/","title":{"rendered":"Unser Warum"},"content":{"rendered":"","protected":false},"excerpt":{"rendered":"","protected":false},"author":1,"featured_media":1731,"parent":0,"menu_order":35,"comment_status":"closed","ping_status":"closed","template":"","meta":{"_acf_changed":false,"footnotes":""},"categories":[],"tags":[43],"class_list":["post-2031","page","type-page","status-publish","has-post-thumbnail","hentry","tag-bb-de"],"acf":[],"yoast_head":"<!-- This site is optimized with the Yoast SEO Premium plugin v24.7 (Yoast SEO v24.8.1) - https:\/\/yoast.com\/wordpress\/plugins\/seo\/ -->\n<title>Florence B&amp;B Relais &amp; Maison Grand Tour \u2013 Unser Warum<\/title>\n<meta name=\"description\" content=\"Wir sind hier, um Ihnen zu helfen, diese geschichtstr\u00e4chtige Stadt und Ihre Zeit in unserer Region zu genie\u00dfen, begleitet von unserer Herzlichkeit, Aufmerksamkeit und Verl\u00e4sslichkeit.\" \/>\n<meta name=\"robots\" content=\"index, follow, max-snippet:-1, max-image-preview:large, max-video-preview:-1\" \/>\n<link rel=\"canonical\" href=\"https:\/\/florencegrandtour.com\/de\/unser-warum\/\" \/>\n<meta property=\"og:locale\" content=\"de_DE\" \/>\n<meta property=\"og:type\" content=\"article\" \/>\n<meta property=\"og:title\" content=\"Unser Warum\" \/>\n<meta property=\"og:description\" content=\"Wir sind hier, um Ihnen zu helfen, diese geschichtstr\u00e4chtige Stadt und Ihre Zeit in unserer Region zu genie\u00dfen, begleitet von unserer Herzlichkeit, Aufmerksamkeit und Verl\u00e4sslichkeit.\" \/>\n<meta property=\"og:url\" content=\"https:\/\/florencegrandtour.com\/de\/unser-warum\/\" \/>\n<meta property=\"og:site_name\" content=\"Florence Grand Tour\" \/>\n<meta property=\"og:image\" content=\"https:\/\/florencegrandtour.com\/wp-content\/uploads\/entrance_building\/building-entrance5-scaled.jpg\" \/>\n\t<meta property=\"og:image:width\" content=\"2560\" \/>\n\t<meta property=\"og:image:height\" content=\"1440\" \/>\n\t<meta property=\"og:image:type\" content=\"image\/jpeg\" \/>\n<meta name=\"twitter:card\" content=\"summary_large_image\" \/>\n<script type=\"application\/ld+json\" class=\"yoast-schema-graph\">{\"@context\":\"https:\/\/schema.org\",\"@graph\":[{\"@type\":\"WebPage\",\"@id\":\"https:\/\/florencegrandtour.com\/de\/unser-warum\/\",\"url\":\"https:\/\/florencegrandtour.com\/de\/unser-warum\/\",\"name\":\"Florence B&B Relais & Maison Grand Tour \u2013 Unser Warum\",\"isPartOf\":{\"@id\":\"https:\/\/florencegrandtour.com\/de\/#website\"},\"primaryImageOfPage\":{\"@id\":\"https:\/\/florencegrandtour.com\/de\/unser-warum\/#primaryimage\"},\"image\":{\"@id\":\"https:\/\/florencegrandtour.com\/de\/unser-warum\/#primaryimage\"},\"thumbnailUrl\":\"https:\/\/florencegrandtour.com\/wp-content\/uploads\/entrance_building\/building-entrance5-scaled.jpg\",\"datePublished\":\"2024-10-11T17:45:04+00:00\",\"description\":\"Wir sind hier, um Ihnen zu helfen, diese geschichtstr\u00e4chtige Stadt und Ihre Zeit in unserer Region zu genie\u00dfen, begleitet von unserer Herzlichkeit, Aufmerksamkeit und Verl\u00e4sslichkeit.\",\"breadcrumb\":{\"@id\":\"https:\/\/florencegrandtour.com\/de\/unser-warum\/#breadcrumb\"},\"inLanguage\":\"de\",\"potentialAction\":[{\"@type\":\"ReadAction\",\"target\":[\"https:\/\/florencegrandtour.com\/de\/unser-warum\/\"]}]},{\"@type\":\"ImageObject\",\"inLanguage\":\"de\",\"@id\":\"https:\/\/florencegrandtour.com\/de\/unser-warum\/#primaryimage\",\"url\":\"https:\/\/florencegrandtour.com\/wp-content\/uploads\/entrance_building\/building-entrance5-scaled.jpg\",\"contentUrl\":\"https:\/\/florencegrandtour.com\/wp-content\/uploads\/entrance_building\/building-entrance5-scaled.jpg\",\"width\":2560,\"height\":1440},{\"@type\":\"BreadcrumbList\",\"@id\":\"https:\/\/florencegrandtour.com\/de\/unser-warum\/#breadcrumb\",\"itemListElement\":[{\"@type\":\"ListItem\",\"position\":1,\"name\":\"Home\",\"item\":\"https:\/\/florencegrandtour.com\/de\/\"},{\"@type\":\"ListItem\",\"position\":2,\"name\":\"Unser Warum\"}]},{\"@type\":\"WebSite\",\"@id\":\"https:\/\/florencegrandtour.com\/de\/#website\",\"url\":\"https:\/\/florencegrandtour.com\/de\/\",\"name\":\"Florence Grand Tour\",\"description\":\"\",\"publisher\":{\"@id\":\"https:\/\/florencegrandtour.com\/de\/#organization\"},\"potentialAction\":[{\"@type\":\"SearchAction\",\"target\":{\"@type\":\"EntryPoint\",\"urlTemplate\":\"https:\/\/florencegrandtour.com\/de\/?s={search_term_string}\"},\"query-input\":{\"@type\":\"PropertyValueSpecification\",\"valueRequired\":true,\"valueName\":\"search_term_string\"}}],\"inLanguage\":\"de\"},{\"@type\":\"Organization\",\"@id\":\"https:\/\/florencegrandtour.com\/de\/#organization\",\"name\":\"Florence Grand Tour\",\"url\":\"https:\/\/florencegrandtour.com\/de\/\",\"logo\":{\"@type\":\"ImageObject\",\"inLanguage\":\"de\",\"@id\":\"https:\/\/florencegrandtour.com\/de\/#\/schema\/logo\/image\/\",\"url\":\"https:\/\/florencegrandtour.com\/wp-content\/uploads\/logo\/logo-new.png\",\"contentUrl\":\"https:\/\/florencegrandtour.com\/wp-content\/uploads\/logo\/logo-new.png\",\"width\":2560,\"height\":1741,\"caption\":\"Florence Grand Tour\"},\"image\":{\"@id\":\"https:\/\/florencegrandtour.com\/de\/#\/schema\/logo\/image\/\"}}]}<\/script>\n<!-- \/ Yoast SEO Premium plugin. -->","yoast_head_json":{"title":"Florence B&B Relais & Maison Grand Tour \u2013 Unser Warum","description":"Wir sind hier, um Ihnen zu helfen, diese geschichtstr\u00e4chtige Stadt und Ihre Zeit in unserer Region zu genie\u00dfen, begleitet von unserer Herzlichkeit, Aufmerksamkeit und Verl\u00e4sslichkeit.","robots":{"index":"index","follow":"follow","max-snippet":"max-snippet:-1","max-image-preview":"max-image-preview:large","max-video-preview":"max-video-preview:-1"},"canonical":"https:\/\/florencegrandtour.com\/de\/unser-warum\/","og_locale":"de_DE","og_type":"article","og_title":"Unser Warum","og_description":"Wir sind hier, um Ihnen zu helfen, diese geschichtstr\u00e4chtige Stadt und Ihre Zeit in unserer Region zu genie\u00dfen, begleitet von unserer Herzlichkeit, Aufmerksamkeit und Verl\u00e4sslichkeit.","og_url":"https:\/\/florencegrandtour.com\/de\/unser-warum\/","og_site_name":"Florence Grand Tour","og_image":[{"width":2560,"height":1440,"url":"https:\/\/florencegrandtour.com\/wp-content\/uploads\/entrance_building\/building-entrance5-scaled.jpg","type":"image\/jpeg"}],"twitter_card":"summary_large_image","schema":{"@context":"https:\/\/schema.org","@graph":[{"@type":"WebPage","@id":"https:\/\/florencegrandtour.com\/de\/unser-warum\/","url":"https:\/\/florencegrandtour.com\/de\/unser-warum\/","name":"Florence B&B Relais & Maison Grand Tour \u2013 Unser Warum","isPartOf":{"@id":"https:\/\/florencegrandtour.com\/de\/#website"},"primaryImageOfPage":{"@id":"https:\/\/florencegrandtour.com\/de\/unser-warum\/#primaryimage"},"image":{"@id":"https:\/\/florencegrandtour.com\/de\/unser-warum\/#primaryimage"},"thumbnailUrl":"https:\/\/florencegrandtour.com\/wp-content\/uploads\/entrance_building\/building-entrance5-scaled.jpg","datePublished":"2024-10-11T17:45:04+00:00","description":"Wir sind hier, um Ihnen zu helfen, diese geschichtstr\u00e4chtige Stadt und Ihre Zeit in unserer Region zu genie\u00dfen, begleitet von unserer Herzlichkeit, Aufmerksamkeit und Verl\u00e4sslichkeit.","breadcrumb":{"@id":"https:\/\/florencegrandtour.com\/de\/unser-warum\/#breadcrumb"},"inLanguage":"de","potentialAction":[{"@type":"ReadAction","target":["https:\/\/florencegrandtour.com\/de\/unser-warum\/"]}]},{"@type":"ImageObject","inLanguage":"de","@id":"https:\/\/florencegrandtour.com\/de\/unser-warum\/#primaryimage","url":"https:\/\/florencegrandtour.com\/wp-content\/uploads\/entrance_building\/building-entrance5-scaled.jpg","contentUrl":"https:\/\/florencegrandtour.com\/wp-content\/uploads\/entrance_building\/building-entrance5-scaled.jpg","width":2560,"height":1440},{"@type":"BreadcrumbList","@id":"https:\/\/florencegrandtour.com\/de\/unser-warum\/#breadcrumb","itemListElement":[{"@type":"ListItem","position":1,"name":"Home","item":"https:\/\/florencegrandtour.com\/de\/"},{"@type":"ListItem","position":2,"name":"Unser Warum"}]},{"@type":"WebSite","@id":"https:\/\/florencegrandtour.com\/de\/#website","url":"https:\/\/florencegrandtour.com\/de\/","name":"Florence Grand Tour","description":"","publisher":{"@id":"https:\/\/florencegrandtour.com\/de\/#organization"},"potentialAction":[{"@type":"SearchAction","target":{"@type":"EntryPoint","urlTemplate":"https:\/\/florencegrandtour.com\/de\/?s={search_term_string}"},"query-input":{"@type":"PropertyValueSpecification","valueRequired":true,"valueName":"search_term_string"}}],"inLanguage":"de"},{"@type":"Organization","@id":"https:\/\/florencegrandtour.com\/de\/#organization","name":"Florence Grand Tour","url":"https:\/\/florencegrandtour.com\/de\/","logo":{"@type":"ImageObject","inLanguage":"de","@id":"https:\/\/florencegrandtour.com\/de\/#\/schema\/logo\/image\/","url":"https:\/\/florencegrandtour.com\/wp-content\/uploads\/logo\/logo-new.png","contentUrl":"https:\/\/florencegrandtour.com\/wp-content\/uploads\/logo\/logo-new.png","width":2560,"height":1741,"caption":"Florence Grand Tour"},"image":{"@id":"https:\/\/florencegrandtour.com\/de\/#\/schema\/logo\/image\/"}}]}},"_links":{"self":[{"href":"https:\/\/florencegrandtour.com\/de\/wp-json\/wp\/v2\/pages\/2031","targetHints":{"allow":["GET"]}}],"collection":[{"href":"https:\/\/florencegrandtour.com\/de\/wp-json\/wp\/v2\/pages"}],"about":[{"href":"https:\/\/florencegrandtour.com\/de\/wp-json\/wp\/v2\/types\/page"}],"author":[{"embeddable":true,"href":"https:\/\/florencegrandtour.com\/de\/wp-json\/wp\/v2\/users\/1"}],"replies":[{"embeddable":true,"href":"https:\/\/florencegrandtour.com\/de\/wp-json\/wp\/v2\/comments?post=2031"}],"version-history":[{"count":0,"href":"https:\/\/florencegrandtour.com\/de\/wp-json\/wp\/v2\/pages\/2031\/revisions"}],"wp:featuredmedia":[{"embeddable":true,"href":"https:\/\/florencegrandtour.com\/de\/wp-json\/wp\/v2\/media\/1731"}],"wp:attachment":[{"href":"https:\/\/florencegrandtour.com\/de\/wp-json\/wp\/v2\/media?parent=2031"}],"wp:term":[{"taxonomy":"category","embeddable":true,"href":"https:\/\/florencegrandtour.com\/de\/wp-json\/wp\/v2\/categories?post=2031"},{"taxonomy":"post_tag","embeddable":true,"href":"https:\/\/florencegrandtour.com\/de\/wp-json\/wp\/v2\/tags?post=2031"}],"curies":[{"name":"wp","href":"https:\/\/api.w.org\/{rel}","templated":true}]}}