{"id":2043,"date":"2024-09-11T14:14:25","date_gmt":"2024-09-11T14:14:25","guid":{"rendered":"https:\/\/florencegrandtour.com\/die-suiten\/"},"modified":"2025-04-25T14:51:36","modified_gmt":"2025-04-25T14:51:36","slug":"die-suiten","status":"publish","type":"page","link":"https:\/\/florencegrandtour.com\/de\/die-suiten\/","title":{"rendered":"Zimmer &#038; Suites"},"content":{"rendered":"","protected":false},"excerpt":{"rendered":"<p>Beginnen wir mit der \u201eGolden Suite\u201c, die sich im ersten Stock meines historischen Geb\u00e4udes im Herzen von Florenz befindet. Sie besteht aus zwei angrenzenden, ger\u00e4umigen Doppelzimmern und ist ideal f\u00fcr ein Paar, eine Familie oder eine kleine Gruppe.<\/p>\n","protected":false},"author":1,"featured_media":1489,"parent":0,"menu_order":18,"comment_status":"closed","ping_status":"closed","template":"","meta":{"_acf_changed":false,"footnotes":""},"categories":[],"tags":[44],"class_list":["post-2043","page","type-page","status-publish","has-post-thumbnail","hentry","tag-home-de"],"acf":[],"yoast_head":"<!-- This site is optimized with the Yoast SEO Premium plugin v24.7 (Yoast SEO v24.8.1) - https:\/\/yoast.com\/wordpress\/plugins\/seo\/ -->\n<title>Romantische Zimmer in Florenz | B&amp;B im Zentrum von Florenz<\/title>\n<meta name=\"description\" content=\"Florence Grand Tour B&amp;B im Zentrum von Florenz mit romantischen Zimmern und Unterk\u00fcnften. Jedes Zimmer tr\u00e4gt die Spuren der Vergangenheit.\" \/>\n<meta name=\"robots\" content=\"index, follow, max-snippet:-1, max-image-preview:large, max-video-preview:-1\" \/>\n<link rel=\"canonical\" href=\"https:\/\/florencegrandtour.com\/de\/die-suiten\/\" \/>\n<meta property=\"og:locale\" content=\"de_DE\" \/>\n<meta property=\"og:type\" content=\"article\" \/>\n<meta property=\"og:title\" content=\"Zimmer &amp; Suites\" \/>\n<meta property=\"og:description\" content=\"Florence Grand Tour B&amp;B im Zentrum von Florenz mit romantischen Zimmern und Unterk\u00fcnften. Jedes Zimmer tr\u00e4gt die Spuren der Vergangenheit.\" \/>\n<meta property=\"og:url\" content=\"https:\/\/florencegrandtour.com\/de\/die-suiten\/\" \/>\n<meta property=\"og:site_name\" content=\"Florence Grand Tour\" \/>\n<meta property=\"article:modified_time\" content=\"2025-04-25T14:51:36+00:00\" \/>\n<meta property=\"og:image\" content=\"https:\/\/florencegrandtour.com\/wp-content\/uploads\/dsc8760-hdr-scaled.jpg\" \/>\n\t<meta property=\"og:image:width\" content=\"2560\" \/>\n\t<meta property=\"og:image:height\" content=\"1707\" \/>\n\t<meta property=\"og:image:type\" content=\"image\/jpeg\" \/>\n<meta name=\"twitter:card\" content=\"summary_large_image\" \/>\n<script type=\"application\/ld+json\" class=\"yoast-schema-graph\">{\"@context\":\"https:\/\/schema.org\",\"@graph\":[{\"@type\":\"WebPage\",\"@id\":\"https:\/\/florencegrandtour.com\/de\/die-suiten\/\",\"url\":\"https:\/\/florencegrandtour.com\/de\/die-suiten\/\",\"name\":\"Romantische Zimmer in Florenz | B&B im Zentrum von Florenz\",\"isPartOf\":{\"@id\":\"https:\/\/florencegrandtour.com\/de\/#website\"},\"primaryImageOfPage\":{\"@id\":\"https:\/\/florencegrandtour.com\/de\/die-suiten\/#primaryimage\"},\"image\":{\"@id\":\"https:\/\/florencegrandtour.com\/de\/die-suiten\/#primaryimage\"},\"thumbnailUrl\":\"https:\/\/florencegrandtour.com\/wp-content\/uploads\/dsc8760-hdr-scaled.jpg\",\"datePublished\":\"2024-09-11T14:14:25+00:00\",\"dateModified\":\"2025-04-25T14:51:36+00:00\",\"description\":\"Florence Grand Tour B&B im Zentrum von Florenz mit romantischen Zimmern und Unterk\u00fcnften. Jedes Zimmer tr\u00e4gt die Spuren der Vergangenheit.\",\"breadcrumb\":{\"@id\":\"https:\/\/florencegrandtour.com\/de\/die-suiten\/#breadcrumb\"},\"inLanguage\":\"de\",\"potentialAction\":[{\"@type\":\"ReadAction\",\"target\":[\"https:\/\/florencegrandtour.com\/de\/die-suiten\/\"]}]},{\"@type\":\"ImageObject\",\"inLanguage\":\"de\",\"@id\":\"https:\/\/florencegrandtour.com\/de\/die-suiten\/#primaryimage\",\"url\":\"https:\/\/florencegrandtour.com\/wp-content\/uploads\/dsc8760-hdr-scaled.jpg\",\"contentUrl\":\"https:\/\/florencegrandtour.com\/wp-content\/uploads\/dsc8760-hdr-scaled.jpg\",\"width\":2560,\"height\":1707},{\"@type\":\"BreadcrumbList\",\"@id\":\"https:\/\/florencegrandtour.com\/de\/die-suiten\/#breadcrumb\",\"itemListElement\":[{\"@type\":\"ListItem\",\"position\":1,\"name\":\"Home\",\"item\":\"https:\/\/florencegrandtour.com\/de\/\"},{\"@type\":\"ListItem\",\"position\":2,\"name\":\"Zimmer &#038; Suites\"}]},{\"@type\":\"WebSite\",\"@id\":\"https:\/\/florencegrandtour.com\/de\/#website\",\"url\":\"https:\/\/florencegrandtour.com\/de\/\",\"name\":\"Florence Grand Tour\",\"description\":\"\",\"publisher\":{\"@id\":\"https:\/\/florencegrandtour.com\/de\/#organization\"},\"potentialAction\":[{\"@type\":\"SearchAction\",\"target\":{\"@type\":\"EntryPoint\",\"urlTemplate\":\"https:\/\/florencegrandtour.com\/de\/?s={search_term_string}\"},\"query-input\":{\"@type\":\"PropertyValueSpecification\",\"valueRequired\":true,\"valueName\":\"search_term_string\"}}],\"inLanguage\":\"de\"},{\"@type\":\"Organization\",\"@id\":\"https:\/\/florencegrandtour.com\/de\/#organization\",\"name\":\"Florence Grand Tour\",\"url\":\"https:\/\/florencegrandtour.com\/de\/\",\"logo\":{\"@type\":\"ImageObject\",\"inLanguage\":\"de\",\"@id\":\"https:\/\/florencegrandtour.com\/de\/#\/schema\/logo\/image\/\",\"url\":\"https:\/\/florencegrandtour.com\/wp-content\/uploads\/logo\/logo-new.png\",\"contentUrl\":\"https:\/\/florencegrandtour.com\/wp-content\/uploads\/logo\/logo-new.png\",\"width\":2560,\"height\":1741,\"caption\":\"Florence Grand Tour\"},\"image\":{\"@id\":\"https:\/\/florencegrandtour.com\/de\/#\/schema\/logo\/image\/\"}}]}<\/script>\n<!-- \/ Yoast SEO Premium plugin. -->","yoast_head_json":{"title":"Romantische Zimmer in Florenz | B&B im Zentrum von Florenz","description":"Florence Grand Tour B&B im Zentrum von Florenz mit romantischen Zimmern und Unterk\u00fcnften. Jedes Zimmer tr\u00e4gt die Spuren der Vergangenheit.","robots":{"index":"index","follow":"follow","max-snippet":"max-snippet:-1","max-image-preview":"max-image-preview:large","max-video-preview":"max-video-preview:-1"},"canonical":"https:\/\/florencegrandtour.com\/de\/die-suiten\/","og_locale":"de_DE","og_type":"article","og_title":"Zimmer & Suites","og_description":"Florence Grand Tour B&B im Zentrum von Florenz mit romantischen Zimmern und Unterk\u00fcnften. Jedes Zimmer tr\u00e4gt die Spuren der Vergangenheit.","og_url":"https:\/\/florencegrandtour.com\/de\/die-suiten\/","og_site_name":"Florence Grand Tour","article_modified_time":"2025-04-25T14:51:36+00:00","og_image":[{"width":2560,"height":1707,"url":"https:\/\/florencegrandtour.com\/wp-content\/uploads\/dsc8760-hdr-scaled.jpg","type":"image\/jpeg"}],"twitter_card":"summary_large_image","schema":{"@context":"https:\/\/schema.org","@graph":[{"@type":"WebPage","@id":"https:\/\/florencegrandtour.com\/de\/die-suiten\/","url":"https:\/\/florencegrandtour.com\/de\/die-suiten\/","name":"Romantische Zimmer in Florenz | B&B im Zentrum von Florenz","isPartOf":{"@id":"https:\/\/florencegrandtour.com\/de\/#website"},"primaryImageOfPage":{"@id":"https:\/\/florencegrandtour.com\/de\/die-suiten\/#primaryimage"},"image":{"@id":"https:\/\/florencegrandtour.com\/de\/die-suiten\/#primaryimage"},"thumbnailUrl":"https:\/\/florencegrandtour.com\/wp-content\/uploads\/dsc8760-hdr-scaled.jpg","datePublished":"2024-09-11T14:14:25+00:00","dateModified":"2025-04-25T14:51:36+00:00","description":"Florence Grand Tour B&B im Zentrum von Florenz mit romantischen Zimmern und Unterk\u00fcnften. Jedes Zimmer tr\u00e4gt die Spuren der Vergangenheit.","breadcrumb":{"@id":"https:\/\/florencegrandtour.com\/de\/die-suiten\/#breadcrumb"},"inLanguage":"de","potentialAction":[{"@type":"ReadAction","target":["https:\/\/florencegrandtour.com\/de\/die-suiten\/"]}]},{"@type":"ImageObject","inLanguage":"de","@id":"https:\/\/florencegrandtour.com\/de\/die-suiten\/#primaryimage","url":"https:\/\/florencegrandtour.com\/wp-content\/uploads\/dsc8760-hdr-scaled.jpg","contentUrl":"https:\/\/florencegrandtour.com\/wp-content\/uploads\/dsc8760-hdr-scaled.jpg","width":2560,"height":1707},{"@type":"BreadcrumbList","@id":"https:\/\/florencegrandtour.com\/de\/die-suiten\/#breadcrumb","itemListElement":[{"@type":"ListItem","position":1,"name":"Home","item":"https:\/\/florencegrandtour.com\/de\/"},{"@type":"ListItem","position":2,"name":"Zimmer &#038; Suites"}]},{"@type":"WebSite","@id":"https:\/\/florencegrandtour.com\/de\/#website","url":"https:\/\/florencegrandtour.com\/de\/","name":"Florence Grand Tour","description":"","publisher":{"@id":"https:\/\/florencegrandtour.com\/de\/#organization"},"potentialAction":[{"@type":"SearchAction","target":{"@type":"EntryPoint","urlTemplate":"https:\/\/florencegrandtour.com\/de\/?s={search_term_string}"},"query-input":{"@type":"PropertyValueSpecification","valueRequired":true,"valueName":"search_term_string"}}],"inLanguage":"de"},{"@type":"Organization","@id":"https:\/\/florencegrandtour.com\/de\/#organization","name":"Florence Grand Tour","url":"https:\/\/florencegrandtour.com\/de\/","logo":{"@type":"ImageObject","inLanguage":"de","@id":"https:\/\/florencegrandtour.com\/de\/#\/schema\/logo\/image\/","url":"https:\/\/florencegrandtour.com\/wp-content\/uploads\/logo\/logo-new.png","contentUrl":"https:\/\/florencegrandtour.com\/wp-content\/uploads\/logo\/logo-new.png","width":2560,"height":1741,"caption":"Florence Grand Tour"},"image":{"@id":"https:\/\/florencegrandtour.com\/de\/#\/schema\/logo\/image\/"}}]}},"_links":{"self":[{"href":"https:\/\/florencegrandtour.com\/de\/wp-json\/wp\/v2\/pages\/2043","targetHints":{"allow":["GET"]}}],"collection":[{"href":"https:\/\/florencegrandtour.com\/de\/wp-json\/wp\/v2\/pages"}],"about":[{"href":"https:\/\/florencegrandtour.com\/de\/wp-json\/wp\/v2\/types\/page"}],"author":[{"embeddable":true,"href":"https:\/\/florencegrandtour.com\/de\/wp-json\/wp\/v2\/users\/1"}],"replies":[{"embeddable":true,"href":"https:\/\/florencegrandtour.com\/de\/wp-json\/wp\/v2\/comments?post=2043"}],"version-history":[{"count":3,"href":"https:\/\/florencegrandtour.com\/de\/wp-json\/wp\/v2\/pages\/2043\/revisions"}],"predecessor-version":[{"id":2137,"href":"https:\/\/florencegrandtour.com\/de\/wp-json\/wp\/v2\/pages\/2043\/revisions\/2137"}],"wp:featuredmedia":[{"embeddable":true,"href":"https:\/\/florencegrandtour.com\/de\/wp-json\/wp\/v2\/media\/1489"}],"wp:attachment":[{"href":"https:\/\/florencegrandtour.com\/de\/wp-json\/wp\/v2\/media?parent=2043"}],"wp:term":[{"taxonomy":"category","embeddable":true,"href":"https:\/\/florencegrandtour.com\/de\/wp-json\/wp\/v2\/categories?post=2043"},{"taxonomy":"post_tag","embeddable":true,"href":"https:\/\/florencegrandtour.com\/de\/wp-json\/wp\/v2\/tags?post=2043"}],"curies":[{"name":"wp","href":"https:\/\/api.w.org\/{rel}","templated":true}]}}