{"id":2044,"date":"2024-07-05T09:27:11","date_gmt":"2024-07-05T09:27:11","guid":{"rendered":"https:\/\/florencegrandtour.com\/das-bb\/"},"modified":"2025-07-01T10:38:49","modified_gmt":"2025-07-01T10:38:49","slug":"das-bb","status":"publish","type":"page","link":"https:\/\/florencegrandtour.com\/de\/das-bb\/","title":{"rendered":"Das B&#038;B"},"content":{"rendered":"","protected":false},"excerpt":{"rendered":"<p>Ihr romantisches B&#038;B im Zentrum von Florenz. Das B&#038;B befindet sich in einer ruhigen Stra\u00dfe im Herzen des historischen Zentrums von Florenz. Es befindet sich in einem Geb\u00e4ude aus dem 18. Jahrhundert, und jede Ecke erz\u00e4hlt ein St\u00fcck Geschichte seines fr\u00fcheren Lebens.<\/p>\n","protected":false},"author":1,"featured_media":1793,"parent":0,"menu_order":22,"comment_status":"closed","ping_status":"closed","template":"","meta":{"_acf_changed":false,"footnotes":""},"categories":[],"tags":[44],"class_list":["post-2044","page","type-page","status-publish","has-post-thumbnail","hentry","tag-home-de"],"acf":[],"yoast_head":"<!-- This site is optimized with the Yoast SEO Premium plugin v24.7 (Yoast SEO v24.8.1) - https:\/\/yoast.com\/wordpress\/plugins\/seo\/ -->\n<title>B&amp;B im Zentrum von Florenz, Italien, Grand Tour Bed &amp; Breakfast Florenz<\/title>\n<meta name=\"description\" content=\"Florence Grand Tour B&amp;B in Florenz, in der N\u00e4he der Uffizien und des Doms. Das Bed &amp; Breakfast befindet sich in einer ruhigen Stra\u00dfe im historischen Zentrum von Florenz.\" \/>\n<meta name=\"robots\" content=\"index, follow, max-snippet:-1, max-image-preview:large, max-video-preview:-1\" \/>\n<link rel=\"canonical\" href=\"https:\/\/florencegrandtour.com\/de\/das-bb\/\" \/>\n<meta property=\"og:locale\" content=\"de_DE\" \/>\n<meta property=\"og:type\" content=\"article\" \/>\n<meta property=\"og:title\" content=\"Das B&amp;B\" \/>\n<meta property=\"og:description\" content=\"Florence Grand Tour B&amp;B in Florenz, in der N\u00e4he der Uffizien und des Doms. Das Bed &amp; Breakfast befindet sich in einer ruhigen Stra\u00dfe im historischen Zentrum von Florenz.\" \/>\n<meta property=\"og:url\" content=\"https:\/\/florencegrandtour.com\/de\/das-bb\/\" \/>\n<meta property=\"og:site_name\" content=\"Florence Grand Tour\" \/>\n<meta property=\"article:modified_time\" content=\"2025-07-01T10:38:49+00:00\" \/>\n<meta property=\"og:image\" content=\"https:\/\/florencegrandtour.com\/wp-content\/uploads\/thebb.jpg\" \/>\n\t<meta property=\"og:image:width\" content=\"1500\" \/>\n\t<meta property=\"og:image:height\" content=\"1000\" \/>\n\t<meta property=\"og:image:type\" content=\"image\/jpeg\" \/>\n<meta name=\"twitter:card\" content=\"summary_large_image\" \/>\n<script type=\"application\/ld+json\" class=\"yoast-schema-graph\">{\"@context\":\"https:\/\/schema.org\",\"@graph\":[{\"@type\":\"WebPage\",\"@id\":\"https:\/\/florencegrandtour.com\/de\/das-bb\/\",\"url\":\"https:\/\/florencegrandtour.com\/de\/das-bb\/\",\"name\":\"B&B im Zentrum von Florenz, Italien, Grand Tour Bed & Breakfast Florenz\",\"isPartOf\":{\"@id\":\"https:\/\/florencegrandtour.com\/de\/#website\"},\"primaryImageOfPage\":{\"@id\":\"https:\/\/florencegrandtour.com\/de\/das-bb\/#primaryimage\"},\"image\":{\"@id\":\"https:\/\/florencegrandtour.com\/de\/das-bb\/#primaryimage\"},\"thumbnailUrl\":\"https:\/\/florencegrandtour.com\/wp-content\/uploads\/thebb.jpg\",\"datePublished\":\"2024-07-05T09:27:11+00:00\",\"dateModified\":\"2025-07-01T10:38:49+00:00\",\"description\":\"Florence Grand Tour B&B in Florenz, in der N\u00e4he der Uffizien und des Doms. Das Bed & Breakfast befindet sich in einer ruhigen Stra\u00dfe im historischen Zentrum von Florenz.\",\"breadcrumb\":{\"@id\":\"https:\/\/florencegrandtour.com\/de\/das-bb\/#breadcrumb\"},\"inLanguage\":\"de\",\"potentialAction\":[{\"@type\":\"ReadAction\",\"target\":[\"https:\/\/florencegrandtour.com\/de\/das-bb\/\"]}]},{\"@type\":\"ImageObject\",\"inLanguage\":\"de\",\"@id\":\"https:\/\/florencegrandtour.com\/de\/das-bb\/#primaryimage\",\"url\":\"https:\/\/florencegrandtour.com\/wp-content\/uploads\/thebb.jpg\",\"contentUrl\":\"https:\/\/florencegrandtour.com\/wp-content\/uploads\/thebb.jpg\",\"width\":1500,\"height\":1000},{\"@type\":\"BreadcrumbList\",\"@id\":\"https:\/\/florencegrandtour.com\/de\/das-bb\/#breadcrumb\",\"itemListElement\":[{\"@type\":\"ListItem\",\"position\":1,\"name\":\"Home\",\"item\":\"https:\/\/florencegrandtour.com\/de\/\"},{\"@type\":\"ListItem\",\"position\":2,\"name\":\"Das B&#038;B\"}]},{\"@type\":\"WebSite\",\"@id\":\"https:\/\/florencegrandtour.com\/de\/#website\",\"url\":\"https:\/\/florencegrandtour.com\/de\/\",\"name\":\"Florence Grand Tour\",\"description\":\"\",\"publisher\":{\"@id\":\"https:\/\/florencegrandtour.com\/de\/#organization\"},\"potentialAction\":[{\"@type\":\"SearchAction\",\"target\":{\"@type\":\"EntryPoint\",\"urlTemplate\":\"https:\/\/florencegrandtour.com\/de\/?s={search_term_string}\"},\"query-input\":{\"@type\":\"PropertyValueSpecification\",\"valueRequired\":true,\"valueName\":\"search_term_string\"}}],\"inLanguage\":\"de\"},{\"@type\":\"Organization\",\"@id\":\"https:\/\/florencegrandtour.com\/de\/#organization\",\"name\":\"Florence Grand Tour\",\"url\":\"https:\/\/florencegrandtour.com\/de\/\",\"logo\":{\"@type\":\"ImageObject\",\"inLanguage\":\"de\",\"@id\":\"https:\/\/florencegrandtour.com\/de\/#\/schema\/logo\/image\/\",\"url\":\"https:\/\/florencegrandtour.com\/wp-content\/uploads\/logo\/logo-new.png\",\"contentUrl\":\"https:\/\/florencegrandtour.com\/wp-content\/uploads\/logo\/logo-new.png\",\"width\":2560,\"height\":1741,\"caption\":\"Florence Grand Tour\"},\"image\":{\"@id\":\"https:\/\/florencegrandtour.com\/de\/#\/schema\/logo\/image\/\"}}]}<\/script>\n<!-- \/ Yoast SEO Premium plugin. -->","yoast_head_json":{"title":"B&B im Zentrum von Florenz, Italien, Grand Tour Bed & Breakfast Florenz","description":"Florence Grand Tour B&B in Florenz, in der N\u00e4he der Uffizien und des Doms. Das Bed & Breakfast befindet sich in einer ruhigen Stra\u00dfe im historischen Zentrum von Florenz.","robots":{"index":"index","follow":"follow","max-snippet":"max-snippet:-1","max-image-preview":"max-image-preview:large","max-video-preview":"max-video-preview:-1"},"canonical":"https:\/\/florencegrandtour.com\/de\/das-bb\/","og_locale":"de_DE","og_type":"article","og_title":"Das B&B","og_description":"Florence Grand Tour B&B in Florenz, in der N\u00e4he der Uffizien und des Doms. Das Bed & Breakfast befindet sich in einer ruhigen Stra\u00dfe im historischen Zentrum von Florenz.","og_url":"https:\/\/florencegrandtour.com\/de\/das-bb\/","og_site_name":"Florence Grand Tour","article_modified_time":"2025-07-01T10:38:49+00:00","og_image":[{"width":1500,"height":1000,"url":"https:\/\/florencegrandtour.com\/wp-content\/uploads\/thebb.jpg","type":"image\/jpeg"}],"twitter_card":"summary_large_image","schema":{"@context":"https:\/\/schema.org","@graph":[{"@type":"WebPage","@id":"https:\/\/florencegrandtour.com\/de\/das-bb\/","url":"https:\/\/florencegrandtour.com\/de\/das-bb\/","name":"B&B im Zentrum von Florenz, Italien, Grand Tour Bed & Breakfast Florenz","isPartOf":{"@id":"https:\/\/florencegrandtour.com\/de\/#website"},"primaryImageOfPage":{"@id":"https:\/\/florencegrandtour.com\/de\/das-bb\/#primaryimage"},"image":{"@id":"https:\/\/florencegrandtour.com\/de\/das-bb\/#primaryimage"},"thumbnailUrl":"https:\/\/florencegrandtour.com\/wp-content\/uploads\/thebb.jpg","datePublished":"2024-07-05T09:27:11+00:00","dateModified":"2025-07-01T10:38:49+00:00","description":"Florence Grand Tour B&B in Florenz, in der N\u00e4he der Uffizien und des Doms. Das Bed & Breakfast befindet sich in einer ruhigen Stra\u00dfe im historischen Zentrum von Florenz.","breadcrumb":{"@id":"https:\/\/florencegrandtour.com\/de\/das-bb\/#breadcrumb"},"inLanguage":"de","potentialAction":[{"@type":"ReadAction","target":["https:\/\/florencegrandtour.com\/de\/das-bb\/"]}]},{"@type":"ImageObject","inLanguage":"de","@id":"https:\/\/florencegrandtour.com\/de\/das-bb\/#primaryimage","url":"https:\/\/florencegrandtour.com\/wp-content\/uploads\/thebb.jpg","contentUrl":"https:\/\/florencegrandtour.com\/wp-content\/uploads\/thebb.jpg","width":1500,"height":1000},{"@type":"BreadcrumbList","@id":"https:\/\/florencegrandtour.com\/de\/das-bb\/#breadcrumb","itemListElement":[{"@type":"ListItem","position":1,"name":"Home","item":"https:\/\/florencegrandtour.com\/de\/"},{"@type":"ListItem","position":2,"name":"Das B&#038;B"}]},{"@type":"WebSite","@id":"https:\/\/florencegrandtour.com\/de\/#website","url":"https:\/\/florencegrandtour.com\/de\/","name":"Florence Grand Tour","description":"","publisher":{"@id":"https:\/\/florencegrandtour.com\/de\/#organization"},"potentialAction":[{"@type":"SearchAction","target":{"@type":"EntryPoint","urlTemplate":"https:\/\/florencegrandtour.com\/de\/?s={search_term_string}"},"query-input":{"@type":"PropertyValueSpecification","valueRequired":true,"valueName":"search_term_string"}}],"inLanguage":"de"},{"@type":"Organization","@id":"https:\/\/florencegrandtour.com\/de\/#organization","name":"Florence Grand Tour","url":"https:\/\/florencegrandtour.com\/de\/","logo":{"@type":"ImageObject","inLanguage":"de","@id":"https:\/\/florencegrandtour.com\/de\/#\/schema\/logo\/image\/","url":"https:\/\/florencegrandtour.com\/wp-content\/uploads\/logo\/logo-new.png","contentUrl":"https:\/\/florencegrandtour.com\/wp-content\/uploads\/logo\/logo-new.png","width":2560,"height":1741,"caption":"Florence Grand Tour"},"image":{"@id":"https:\/\/florencegrandtour.com\/de\/#\/schema\/logo\/image\/"}}]}},"_links":{"self":[{"href":"https:\/\/florencegrandtour.com\/de\/wp-json\/wp\/v2\/pages\/2044","targetHints":{"allow":["GET"]}}],"collection":[{"href":"https:\/\/florencegrandtour.com\/de\/wp-json\/wp\/v2\/pages"}],"about":[{"href":"https:\/\/florencegrandtour.com\/de\/wp-json\/wp\/v2\/types\/page"}],"author":[{"embeddable":true,"href":"https:\/\/florencegrandtour.com\/de\/wp-json\/wp\/v2\/users\/1"}],"replies":[{"embeddable":true,"href":"https:\/\/florencegrandtour.com\/de\/wp-json\/wp\/v2\/comments?post=2044"}],"version-history":[{"count":3,"href":"https:\/\/florencegrandtour.com\/de\/wp-json\/wp\/v2\/pages\/2044\/revisions"}],"predecessor-version":[{"id":2122,"href":"https:\/\/florencegrandtour.com\/de\/wp-json\/wp\/v2\/pages\/2044\/revisions\/2122"}],"wp:featuredmedia":[{"embeddable":true,"href":"https:\/\/florencegrandtour.com\/de\/wp-json\/wp\/v2\/media\/1793"}],"wp:attachment":[{"href":"https:\/\/florencegrandtour.com\/de\/wp-json\/wp\/v2\/media?parent=2044"}],"wp:term":[{"taxonomy":"category","embeddable":true,"href":"https:\/\/florencegrandtour.com\/de\/wp-json\/wp\/v2\/categories?post=2044"},{"taxonomy":"post_tag","embeddable":true,"href":"https:\/\/florencegrandtour.com\/de\/wp-json\/wp\/v2\/tags?post=2044"}],"curies":[{"name":"wp","href":"https:\/\/api.w.org\/{rel}","templated":true}]}}