{"id":2046,"date":"2024-10-11T17:31:47","date_gmt":"2024-10-11T17:31:47","guid":{"rendered":"https:\/\/florencegrandtour.com\/unsere-werte-unsere-vision\/"},"modified":"2024-10-11T17:31:47","modified_gmt":"2024-10-11T17:31:47","slug":"unsere-werte-unsere-vision","status":"publish","type":"page","link":"https:\/\/florencegrandtour.com\/de\/unsere-werte-unsere-vision\/","title":{"rendered":"Unsere Werte &#8211; Unsere Vision"},"content":{"rendered":"","protected":false},"excerpt":{"rendered":"","protected":false},"author":1,"featured_media":1745,"parent":0,"menu_order":28,"comment_status":"closed","ping_status":"closed","template":"","meta":{"_acf_changed":false,"footnotes":""},"categories":[],"tags":[43],"class_list":["post-2046","page","type-page","status-publish","has-post-thumbnail","hentry","tag-bb-de"],"acf":[],"yoast_head":"<!-- This site is optimized with the Yoast SEO Premium plugin v24.7 (Yoast SEO v24.8.1) - https:\/\/yoast.com\/wordpress\/plugins\/seo\/ -->\n<title>Florenz B&amp;B in der N\u00e4he des Doms - Vision des Relais Grand Tour B&amp;B<\/title>\n<meta name=\"description\" content=\"Das Relais &amp; Maison Grand Tour wurde urspr\u00fcnglich 2001 gegr\u00fcndet und 2018 durch die Leidenschaft eines neuen Besitzers zu neuem Leben erweckt.\" \/>\n<meta name=\"robots\" content=\"index, follow, max-snippet:-1, max-image-preview:large, max-video-preview:-1\" \/>\n<link rel=\"canonical\" href=\"https:\/\/florencegrandtour.com\/de\/unsere-werte-unsere-vision\/\" \/>\n<meta property=\"og:locale\" content=\"de_DE\" \/>\n<meta property=\"og:type\" content=\"article\" \/>\n<meta property=\"og:title\" content=\"Unsere Werte - Unsere Vision\" \/>\n<meta property=\"og:description\" content=\"Das Relais &amp; Maison Grand Tour wurde urspr\u00fcnglich 2001 gegr\u00fcndet und 2018 durch die Leidenschaft eines neuen Besitzers zu neuem Leben erweckt.\" \/>\n<meta property=\"og:url\" content=\"https:\/\/florencegrandtour.com\/de\/unsere-werte-unsere-vision\/\" \/>\n<meta property=\"og:site_name\" content=\"Florence Grand Tour\" \/>\n<meta property=\"og:image\" content=\"https:\/\/florencegrandtour.com\/wp-content\/uploads\/accent\/accent6-scaled.jpg\" \/>\n\t<meta property=\"og:image:width\" content=\"2560\" \/>\n\t<meta property=\"og:image:height\" content=\"1706\" \/>\n\t<meta property=\"og:image:type\" content=\"image\/jpeg\" \/>\n<meta name=\"twitter:card\" content=\"summary_large_image\" \/>\n<script type=\"application\/ld+json\" class=\"yoast-schema-graph\">{\"@context\":\"https:\/\/schema.org\",\"@graph\":[{\"@type\":\"WebPage\",\"@id\":\"https:\/\/florencegrandtour.com\/de\/unsere-werte-unsere-vision\/\",\"url\":\"https:\/\/florencegrandtour.com\/de\/unsere-werte-unsere-vision\/\",\"name\":\"Florenz B&B in der N\u00e4he des Doms - Vision des Relais Grand Tour B&B\",\"isPartOf\":{\"@id\":\"https:\/\/florencegrandtour.com\/de\/#website\"},\"primaryImageOfPage\":{\"@id\":\"https:\/\/florencegrandtour.com\/de\/unsere-werte-unsere-vision\/#primaryimage\"},\"image\":{\"@id\":\"https:\/\/florencegrandtour.com\/de\/unsere-werte-unsere-vision\/#primaryimage\"},\"thumbnailUrl\":\"https:\/\/florencegrandtour.com\/wp-content\/uploads\/accent\/accent6-scaled.jpg\",\"datePublished\":\"2024-10-11T17:31:47+00:00\",\"description\":\"Das Relais & Maison Grand Tour wurde urspr\u00fcnglich 2001 gegr\u00fcndet und 2018 durch die Leidenschaft eines neuen Besitzers zu neuem Leben erweckt.\",\"breadcrumb\":{\"@id\":\"https:\/\/florencegrandtour.com\/de\/unsere-werte-unsere-vision\/#breadcrumb\"},\"inLanguage\":\"de\",\"potentialAction\":[{\"@type\":\"ReadAction\",\"target\":[\"https:\/\/florencegrandtour.com\/de\/unsere-werte-unsere-vision\/\"]}]},{\"@type\":\"ImageObject\",\"inLanguage\":\"de\",\"@id\":\"https:\/\/florencegrandtour.com\/de\/unsere-werte-unsere-vision\/#primaryimage\",\"url\":\"https:\/\/florencegrandtour.com\/wp-content\/uploads\/accent\/accent6-scaled.jpg\",\"contentUrl\":\"https:\/\/florencegrandtour.com\/wp-content\/uploads\/accent\/accent6-scaled.jpg\",\"width\":2560,\"height\":1706},{\"@type\":\"BreadcrumbList\",\"@id\":\"https:\/\/florencegrandtour.com\/de\/unsere-werte-unsere-vision\/#breadcrumb\",\"itemListElement\":[{\"@type\":\"ListItem\",\"position\":1,\"name\":\"Home\",\"item\":\"https:\/\/florencegrandtour.com\/de\/\"},{\"@type\":\"ListItem\",\"position\":2,\"name\":\"Unsere Werte &#8211; Unsere Vision\"}]},{\"@type\":\"WebSite\",\"@id\":\"https:\/\/florencegrandtour.com\/de\/#website\",\"url\":\"https:\/\/florencegrandtour.com\/de\/\",\"name\":\"Florence Grand Tour\",\"description\":\"\",\"publisher\":{\"@id\":\"https:\/\/florencegrandtour.com\/de\/#organization\"},\"potentialAction\":[{\"@type\":\"SearchAction\",\"target\":{\"@type\":\"EntryPoint\",\"urlTemplate\":\"https:\/\/florencegrandtour.com\/de\/?s={search_term_string}\"},\"query-input\":{\"@type\":\"PropertyValueSpecification\",\"valueRequired\":true,\"valueName\":\"search_term_string\"}}],\"inLanguage\":\"de\"},{\"@type\":\"Organization\",\"@id\":\"https:\/\/florencegrandtour.com\/de\/#organization\",\"name\":\"Florence Grand Tour\",\"url\":\"https:\/\/florencegrandtour.com\/de\/\",\"logo\":{\"@type\":\"ImageObject\",\"inLanguage\":\"de\",\"@id\":\"https:\/\/florencegrandtour.com\/de\/#\/schema\/logo\/image\/\",\"url\":\"https:\/\/florencegrandtour.com\/wp-content\/uploads\/logo\/logo-new.png\",\"contentUrl\":\"https:\/\/florencegrandtour.com\/wp-content\/uploads\/logo\/logo-new.png\",\"width\":2560,\"height\":1741,\"caption\":\"Florence Grand Tour\"},\"image\":{\"@id\":\"https:\/\/florencegrandtour.com\/de\/#\/schema\/logo\/image\/\"}}]}<\/script>\n<!-- \/ Yoast SEO Premium plugin. -->","yoast_head_json":{"title":"Florenz B&B in der N\u00e4he des Doms - Vision des Relais Grand Tour B&B","description":"Das Relais & Maison Grand Tour wurde urspr\u00fcnglich 2001 gegr\u00fcndet und 2018 durch die Leidenschaft eines neuen Besitzers zu neuem Leben erweckt.","robots":{"index":"index","follow":"follow","max-snippet":"max-snippet:-1","max-image-preview":"max-image-preview:large","max-video-preview":"max-video-preview:-1"},"canonical":"https:\/\/florencegrandtour.com\/de\/unsere-werte-unsere-vision\/","og_locale":"de_DE","og_type":"article","og_title":"Unsere Werte - Unsere Vision","og_description":"Das Relais & Maison Grand Tour wurde urspr\u00fcnglich 2001 gegr\u00fcndet und 2018 durch die Leidenschaft eines neuen Besitzers zu neuem Leben erweckt.","og_url":"https:\/\/florencegrandtour.com\/de\/unsere-werte-unsere-vision\/","og_site_name":"Florence Grand Tour","og_image":[{"width":2560,"height":1706,"url":"https:\/\/florencegrandtour.com\/wp-content\/uploads\/accent\/accent6-scaled.jpg","type":"image\/jpeg"}],"twitter_card":"summary_large_image","schema":{"@context":"https:\/\/schema.org","@graph":[{"@type":"WebPage","@id":"https:\/\/florencegrandtour.com\/de\/unsere-werte-unsere-vision\/","url":"https:\/\/florencegrandtour.com\/de\/unsere-werte-unsere-vision\/","name":"Florenz B&B in der N\u00e4he des Doms - Vision des Relais Grand Tour B&B","isPartOf":{"@id":"https:\/\/florencegrandtour.com\/de\/#website"},"primaryImageOfPage":{"@id":"https:\/\/florencegrandtour.com\/de\/unsere-werte-unsere-vision\/#primaryimage"},"image":{"@id":"https:\/\/florencegrandtour.com\/de\/unsere-werte-unsere-vision\/#primaryimage"},"thumbnailUrl":"https:\/\/florencegrandtour.com\/wp-content\/uploads\/accent\/accent6-scaled.jpg","datePublished":"2024-10-11T17:31:47+00:00","description":"Das Relais & Maison Grand Tour wurde urspr\u00fcnglich 2001 gegr\u00fcndet und 2018 durch die Leidenschaft eines neuen Besitzers zu neuem Leben erweckt.","breadcrumb":{"@id":"https:\/\/florencegrandtour.com\/de\/unsere-werte-unsere-vision\/#breadcrumb"},"inLanguage":"de","potentialAction":[{"@type":"ReadAction","target":["https:\/\/florencegrandtour.com\/de\/unsere-werte-unsere-vision\/"]}]},{"@type":"ImageObject","inLanguage":"de","@id":"https:\/\/florencegrandtour.com\/de\/unsere-werte-unsere-vision\/#primaryimage","url":"https:\/\/florencegrandtour.com\/wp-content\/uploads\/accent\/accent6-scaled.jpg","contentUrl":"https:\/\/florencegrandtour.com\/wp-content\/uploads\/accent\/accent6-scaled.jpg","width":2560,"height":1706},{"@type":"BreadcrumbList","@id":"https:\/\/florencegrandtour.com\/de\/unsere-werte-unsere-vision\/#breadcrumb","itemListElement":[{"@type":"ListItem","position":1,"name":"Home","item":"https:\/\/florencegrandtour.com\/de\/"},{"@type":"ListItem","position":2,"name":"Unsere Werte &#8211; Unsere Vision"}]},{"@type":"WebSite","@id":"https:\/\/florencegrandtour.com\/de\/#website","url":"https:\/\/florencegrandtour.com\/de\/","name":"Florence Grand Tour","description":"","publisher":{"@id":"https:\/\/florencegrandtour.com\/de\/#organization"},"potentialAction":[{"@type":"SearchAction","target":{"@type":"EntryPoint","urlTemplate":"https:\/\/florencegrandtour.com\/de\/?s={search_term_string}"},"query-input":{"@type":"PropertyValueSpecification","valueRequired":true,"valueName":"search_term_string"}}],"inLanguage":"de"},{"@type":"Organization","@id":"https:\/\/florencegrandtour.com\/de\/#organization","name":"Florence Grand Tour","url":"https:\/\/florencegrandtour.com\/de\/","logo":{"@type":"ImageObject","inLanguage":"de","@id":"https:\/\/florencegrandtour.com\/de\/#\/schema\/logo\/image\/","url":"https:\/\/florencegrandtour.com\/wp-content\/uploads\/logo\/logo-new.png","contentUrl":"https:\/\/florencegrandtour.com\/wp-content\/uploads\/logo\/logo-new.png","width":2560,"height":1741,"caption":"Florence Grand Tour"},"image":{"@id":"https:\/\/florencegrandtour.com\/de\/#\/schema\/logo\/image\/"}}]}},"_links":{"self":[{"href":"https:\/\/florencegrandtour.com\/de\/wp-json\/wp\/v2\/pages\/2046","targetHints":{"allow":["GET"]}}],"collection":[{"href":"https:\/\/florencegrandtour.com\/de\/wp-json\/wp\/v2\/pages"}],"about":[{"href":"https:\/\/florencegrandtour.com\/de\/wp-json\/wp\/v2\/types\/page"}],"author":[{"embeddable":true,"href":"https:\/\/florencegrandtour.com\/de\/wp-json\/wp\/v2\/users\/1"}],"replies":[{"embeddable":true,"href":"https:\/\/florencegrandtour.com\/de\/wp-json\/wp\/v2\/comments?post=2046"}],"version-history":[{"count":0,"href":"https:\/\/florencegrandtour.com\/de\/wp-json\/wp\/v2\/pages\/2046\/revisions"}],"wp:featuredmedia":[{"embeddable":true,"href":"https:\/\/florencegrandtour.com\/de\/wp-json\/wp\/v2\/media\/1745"}],"wp:attachment":[{"href":"https:\/\/florencegrandtour.com\/de\/wp-json\/wp\/v2\/media?parent=2046"}],"wp:term":[{"taxonomy":"category","embeddable":true,"href":"https:\/\/florencegrandtour.com\/de\/wp-json\/wp\/v2\/categories?post=2046"},{"taxonomy":"post_tag","embeddable":true,"href":"https:\/\/florencegrandtour.com\/de\/wp-json\/wp\/v2\/tags?post=2046"}],"curies":[{"name":"wp","href":"https:\/\/api.w.org\/{rel}","templated":true}]}}