{"id":2091,"date":"2024-10-11T17:45:04","date_gmt":"2024-10-11T17:45:04","guid":{"rendered":"https:\/\/florencegrandtour.com\/notre-pourquoi\/"},"modified":"2024-10-11T17:45:04","modified_gmt":"2024-10-11T17:45:04","slug":"notre-pourquoi","status":"publish","type":"page","link":"https:\/\/florencegrandtour.com\/fr\/notre-pourquoi\/","title":{"rendered":"Notre Pourquoi"},"content":{"rendered":"","protected":false},"excerpt":{"rendered":"","protected":false},"author":1,"featured_media":2092,"parent":0,"menu_order":34,"comment_status":"closed","ping_status":"closed","template":"","meta":{"_acf_changed":false,"footnotes":""},"categories":[],"tags":[46],"class_list":["post-2091","page","type-page","status-publish","has-post-thumbnail","hentry","tag-bb-fr"],"acf":[],"yoast_head":"<!-- This site is optimized with the Yoast SEO Premium plugin v24.7 (Yoast SEO v24.8.1) - https:\/\/yoast.com\/wordpress\/plugins\/seo\/ -->\n<title>Florence B&amp;B Relais &amp; Maison Grand Tour - Notre Pourquoi<\/title>\n<meta name=\"description\" content=\"Nous sommes l\u00e0 pour vous aider \u00e0 profiter de cette ville charg\u00e9e d\u2019histoire et de votre s\u00e9jour dans notre r\u00e9gion, accompagn\u00e9s de notre chaleur, de notre attention et de notre fiabilit\u00e9.\" \/>\n<meta name=\"robots\" content=\"index, follow, max-snippet:-1, max-image-preview:large, max-video-preview:-1\" \/>\n<link rel=\"canonical\" href=\"https:\/\/florencegrandtour.com\/fr\/notre-pourquoi\/\" \/>\n<meta property=\"og:locale\" content=\"fr_FR\" \/>\n<meta property=\"og:type\" content=\"article\" \/>\n<meta property=\"og:title\" content=\"Notre Pourquoi\" \/>\n<meta property=\"og:description\" content=\"Nous sommes l\u00e0 pour vous aider \u00e0 profiter de cette ville charg\u00e9e d\u2019histoire et de votre s\u00e9jour dans notre r\u00e9gion, accompagn\u00e9s de notre chaleur, de notre attention et de notre fiabilit\u00e9.\" \/>\n<meta property=\"og:url\" content=\"https:\/\/florencegrandtour.com\/fr\/notre-pourquoi\/\" \/>\n<meta property=\"og:site_name\" content=\"Florence Grand Tour\" \/>\n<meta property=\"og:image\" content=\"https:\/\/florencegrandtour.com\/wp-content\/uploads\/entrance_building\/building-entrance5-scaled.jpg\" \/>\n\t<meta property=\"og:image:width\" content=\"2560\" \/>\n\t<meta property=\"og:image:height\" content=\"1440\" \/>\n\t<meta property=\"og:image:type\" content=\"image\/jpeg\" \/>\n<meta name=\"twitter:card\" content=\"summary_large_image\" \/>\n<script type=\"application\/ld+json\" class=\"yoast-schema-graph\">{\"@context\":\"https:\/\/schema.org\",\"@graph\":[{\"@type\":\"WebPage\",\"@id\":\"https:\/\/florencegrandtour.com\/fr\/notre-pourquoi\/\",\"url\":\"https:\/\/florencegrandtour.com\/fr\/notre-pourquoi\/\",\"name\":\"Florence B&B Relais & Maison Grand Tour - Notre Pourquoi\",\"isPartOf\":{\"@id\":\"https:\/\/florencegrandtour.com\/fr\/#website\"},\"primaryImageOfPage\":{\"@id\":\"https:\/\/florencegrandtour.com\/fr\/notre-pourquoi\/#primaryimage\"},\"image\":{\"@id\":\"https:\/\/florencegrandtour.com\/fr\/notre-pourquoi\/#primaryimage\"},\"thumbnailUrl\":\"https:\/\/florencegrandtour.com\/wp-content\/uploads\/entrance_building\/building-entrance5-scaled.jpg\",\"datePublished\":\"2024-10-11T17:45:04+00:00\",\"description\":\"Nous sommes l\u00e0 pour vous aider \u00e0 profiter de cette ville charg\u00e9e d\u2019histoire et de votre s\u00e9jour dans notre r\u00e9gion, accompagn\u00e9s de notre chaleur, de notre attention et de notre fiabilit\u00e9.\",\"breadcrumb\":{\"@id\":\"https:\/\/florencegrandtour.com\/fr\/notre-pourquoi\/#breadcrumb\"},\"inLanguage\":\"fr-FR\",\"potentialAction\":[{\"@type\":\"ReadAction\",\"target\":[\"https:\/\/florencegrandtour.com\/fr\/notre-pourquoi\/\"]}]},{\"@type\":\"ImageObject\",\"inLanguage\":\"fr-FR\",\"@id\":\"https:\/\/florencegrandtour.com\/fr\/notre-pourquoi\/#primaryimage\",\"url\":\"https:\/\/florencegrandtour.com\/wp-content\/uploads\/entrance_building\/building-entrance5-scaled.jpg\",\"contentUrl\":\"https:\/\/florencegrandtour.com\/wp-content\/uploads\/entrance_building\/building-entrance5-scaled.jpg\",\"width\":2560,\"height\":1440},{\"@type\":\"BreadcrumbList\",\"@id\":\"https:\/\/florencegrandtour.com\/fr\/notre-pourquoi\/#breadcrumb\",\"itemListElement\":[{\"@type\":\"ListItem\",\"position\":1,\"name\":\"Home\",\"item\":\"https:\/\/florencegrandtour.com\/fr\/\"},{\"@type\":\"ListItem\",\"position\":2,\"name\":\"Notre Pourquoi\"}]},{\"@type\":\"WebSite\",\"@id\":\"https:\/\/florencegrandtour.com\/fr\/#website\",\"url\":\"https:\/\/florencegrandtour.com\/fr\/\",\"name\":\"Florence Grand Tour\",\"description\":\"\",\"publisher\":{\"@id\":\"https:\/\/florencegrandtour.com\/fr\/#organization\"},\"potentialAction\":[{\"@type\":\"SearchAction\",\"target\":{\"@type\":\"EntryPoint\",\"urlTemplate\":\"https:\/\/florencegrandtour.com\/fr\/?s={search_term_string}\"},\"query-input\":{\"@type\":\"PropertyValueSpecification\",\"valueRequired\":true,\"valueName\":\"search_term_string\"}}],\"inLanguage\":\"fr-FR\"},{\"@type\":\"Organization\",\"@id\":\"https:\/\/florencegrandtour.com\/fr\/#organization\",\"name\":\"Florence Grand Tour\",\"url\":\"https:\/\/florencegrandtour.com\/fr\/\",\"logo\":{\"@type\":\"ImageObject\",\"inLanguage\":\"fr-FR\",\"@id\":\"https:\/\/florencegrandtour.com\/fr\/#\/schema\/logo\/image\/\",\"url\":\"https:\/\/florencegrandtour.com\/wp-content\/uploads\/logo\/logo-new.png\",\"contentUrl\":\"https:\/\/florencegrandtour.com\/wp-content\/uploads\/logo\/logo-new.png\",\"width\":2560,\"height\":1741,\"caption\":\"Florence Grand Tour\"},\"image\":{\"@id\":\"https:\/\/florencegrandtour.com\/fr\/#\/schema\/logo\/image\/\"}}]}<\/script>\n<!-- \/ Yoast SEO Premium plugin. -->","yoast_head_json":{"title":"Florence B&B Relais & Maison Grand Tour - Notre Pourquoi","description":"Nous sommes l\u00e0 pour vous aider \u00e0 profiter de cette ville charg\u00e9e d\u2019histoire et de votre s\u00e9jour dans notre r\u00e9gion, accompagn\u00e9s de notre chaleur, de notre attention et de notre fiabilit\u00e9.","robots":{"index":"index","follow":"follow","max-snippet":"max-snippet:-1","max-image-preview":"max-image-preview:large","max-video-preview":"max-video-preview:-1"},"canonical":"https:\/\/florencegrandtour.com\/fr\/notre-pourquoi\/","og_locale":"fr_FR","og_type":"article","og_title":"Notre Pourquoi","og_description":"Nous sommes l\u00e0 pour vous aider \u00e0 profiter de cette ville charg\u00e9e d\u2019histoire et de votre s\u00e9jour dans notre r\u00e9gion, accompagn\u00e9s de notre chaleur, de notre attention et de notre fiabilit\u00e9.","og_url":"https:\/\/florencegrandtour.com\/fr\/notre-pourquoi\/","og_site_name":"Florence Grand Tour","og_image":[{"width":2560,"height":1440,"url":"https:\/\/florencegrandtour.com\/wp-content\/uploads\/entrance_building\/building-entrance5-scaled.jpg","type":"image\/jpeg"}],"twitter_card":"summary_large_image","schema":{"@context":"https:\/\/schema.org","@graph":[{"@type":"WebPage","@id":"https:\/\/florencegrandtour.com\/fr\/notre-pourquoi\/","url":"https:\/\/florencegrandtour.com\/fr\/notre-pourquoi\/","name":"Florence B&B Relais & Maison Grand Tour - Notre Pourquoi","isPartOf":{"@id":"https:\/\/florencegrandtour.com\/fr\/#website"},"primaryImageOfPage":{"@id":"https:\/\/florencegrandtour.com\/fr\/notre-pourquoi\/#primaryimage"},"image":{"@id":"https:\/\/florencegrandtour.com\/fr\/notre-pourquoi\/#primaryimage"},"thumbnailUrl":"https:\/\/florencegrandtour.com\/wp-content\/uploads\/entrance_building\/building-entrance5-scaled.jpg","datePublished":"2024-10-11T17:45:04+00:00","description":"Nous sommes l\u00e0 pour vous aider \u00e0 profiter de cette ville charg\u00e9e d\u2019histoire et de votre s\u00e9jour dans notre r\u00e9gion, accompagn\u00e9s de notre chaleur, de notre attention et de notre fiabilit\u00e9.","breadcrumb":{"@id":"https:\/\/florencegrandtour.com\/fr\/notre-pourquoi\/#breadcrumb"},"inLanguage":"fr-FR","potentialAction":[{"@type":"ReadAction","target":["https:\/\/florencegrandtour.com\/fr\/notre-pourquoi\/"]}]},{"@type":"ImageObject","inLanguage":"fr-FR","@id":"https:\/\/florencegrandtour.com\/fr\/notre-pourquoi\/#primaryimage","url":"https:\/\/florencegrandtour.com\/wp-content\/uploads\/entrance_building\/building-entrance5-scaled.jpg","contentUrl":"https:\/\/florencegrandtour.com\/wp-content\/uploads\/entrance_building\/building-entrance5-scaled.jpg","width":2560,"height":1440},{"@type":"BreadcrumbList","@id":"https:\/\/florencegrandtour.com\/fr\/notre-pourquoi\/#breadcrumb","itemListElement":[{"@type":"ListItem","position":1,"name":"Home","item":"https:\/\/florencegrandtour.com\/fr\/"},{"@type":"ListItem","position":2,"name":"Notre Pourquoi"}]},{"@type":"WebSite","@id":"https:\/\/florencegrandtour.com\/fr\/#website","url":"https:\/\/florencegrandtour.com\/fr\/","name":"Florence Grand Tour","description":"","publisher":{"@id":"https:\/\/florencegrandtour.com\/fr\/#organization"},"potentialAction":[{"@type":"SearchAction","target":{"@type":"EntryPoint","urlTemplate":"https:\/\/florencegrandtour.com\/fr\/?s={search_term_string}"},"query-input":{"@type":"PropertyValueSpecification","valueRequired":true,"valueName":"search_term_string"}}],"inLanguage":"fr-FR"},{"@type":"Organization","@id":"https:\/\/florencegrandtour.com\/fr\/#organization","name":"Florence Grand Tour","url":"https:\/\/florencegrandtour.com\/fr\/","logo":{"@type":"ImageObject","inLanguage":"fr-FR","@id":"https:\/\/florencegrandtour.com\/fr\/#\/schema\/logo\/image\/","url":"https:\/\/florencegrandtour.com\/wp-content\/uploads\/logo\/logo-new.png","contentUrl":"https:\/\/florencegrandtour.com\/wp-content\/uploads\/logo\/logo-new.png","width":2560,"height":1741,"caption":"Florence Grand Tour"},"image":{"@id":"https:\/\/florencegrandtour.com\/fr\/#\/schema\/logo\/image\/"}}]}},"_links":{"self":[{"href":"https:\/\/florencegrandtour.com\/fr\/wp-json\/wp\/v2\/pages\/2091","targetHints":{"allow":["GET"]}}],"collection":[{"href":"https:\/\/florencegrandtour.com\/fr\/wp-json\/wp\/v2\/pages"}],"about":[{"href":"https:\/\/florencegrandtour.com\/fr\/wp-json\/wp\/v2\/types\/page"}],"author":[{"embeddable":true,"href":"https:\/\/florencegrandtour.com\/fr\/wp-json\/wp\/v2\/users\/1"}],"replies":[{"embeddable":true,"href":"https:\/\/florencegrandtour.com\/fr\/wp-json\/wp\/v2\/comments?post=2091"}],"version-history":[{"count":0,"href":"https:\/\/florencegrandtour.com\/fr\/wp-json\/wp\/v2\/pages\/2091\/revisions"}],"wp:featuredmedia":[{"embeddable":true,"href":"https:\/\/florencegrandtour.com\/fr\/wp-json\/wp\/v2\/media\/2092"}],"wp:attachment":[{"href":"https:\/\/florencegrandtour.com\/fr\/wp-json\/wp\/v2\/media?parent=2091"}],"wp:term":[{"taxonomy":"category","embeddable":true,"href":"https:\/\/florencegrandtour.com\/fr\/wp-json\/wp\/v2\/categories?post=2091"},{"taxonomy":"post_tag","embeddable":true,"href":"https:\/\/florencegrandtour.com\/fr\/wp-json\/wp\/v2\/tags?post=2091"}],"curies":[{"name":"wp","href":"https:\/\/api.w.org\/{rel}","templated":true}]}}