{"id":2093,"date":"2024-09-11T14:14:25","date_gmt":"2024-09-11T14:14:25","guid":{"rendered":"https:\/\/florencegrandtour.com\/les-suites\/"},"modified":"2025-04-25T14:48:48","modified_gmt":"2025-04-25T14:48:48","slug":"les-suites","status":"publish","type":"page","link":"https:\/\/florencegrandtour.com\/fr\/les-suites\/","title":{"rendered":"Chambres &#038; Suites"},"content":{"rendered":"","protected":false},"excerpt":{"rendered":"<p>Commen\u00e7ons par la \u201cGolden Suite\u201d, situ\u00e9e au premier \u00e9tage de mon b\u00e2timent historique au c\u0153ur de Florence. Elle se compose de deux grandes chambres doubles adjacentes, id\u00e9ales pour un couple, une famille ou un petit groupe.<\/p>\n","protected":false},"author":1,"featured_media":2094,"parent":0,"menu_order":17,"comment_status":"closed","ping_status":"closed","template":"","meta":{"_acf_changed":false,"footnotes":""},"categories":[],"tags":[47],"class_list":["post-2093","page","type-page","status-publish","has-post-thumbnail","hentry","tag-home-fr"],"acf":[],"yoast_head":"<!-- This site is optimized with the Yoast SEO Premium plugin v24.7 (Yoast SEO v24.8.1) - https:\/\/yoast.com\/wordpress\/plugins\/seo\/ -->\n<title>Chambres romantiques \u00e0 Florence | B&amp;B dans le centre de Florence<\/title>\n<meta name=\"description\" content=\"Florence Grand Tour B&amp;B au centre de Florence avec des chambres et h\u00e9bergements romantiques. Chaque chambre porte les traces du pass\u00e9.\" \/>\n<meta name=\"robots\" content=\"index, follow, max-snippet:-1, max-image-preview:large, max-video-preview:-1\" \/>\n<link rel=\"canonical\" href=\"https:\/\/florencegrandtour.com\/fr\/les-suites\/\" \/>\n<meta property=\"og:locale\" content=\"fr_FR\" \/>\n<meta property=\"og:type\" content=\"article\" \/>\n<meta property=\"og:title\" content=\"Chambres &amp; Suites\" \/>\n<meta property=\"og:description\" content=\"Florence Grand Tour B&amp;B au centre de Florence avec des chambres et h\u00e9bergements romantiques. Chaque chambre porte les traces du pass\u00e9.\" \/>\n<meta property=\"og:url\" content=\"https:\/\/florencegrandtour.com\/fr\/les-suites\/\" \/>\n<meta property=\"og:site_name\" content=\"Florence Grand Tour\" \/>\n<meta property=\"article:modified_time\" content=\"2025-04-25T14:48:48+00:00\" \/>\n<meta property=\"og:image\" content=\"https:\/\/florencegrandtour.com\/wp-content\/uploads\/dsc8760-hdr-scaled.jpg\" \/>\n\t<meta property=\"og:image:width\" content=\"2560\" \/>\n\t<meta property=\"og:image:height\" content=\"1707\" \/>\n\t<meta property=\"og:image:type\" content=\"image\/jpeg\" \/>\n<meta name=\"twitter:card\" content=\"summary_large_image\" \/>\n<script type=\"application\/ld+json\" class=\"yoast-schema-graph\">{\"@context\":\"https:\/\/schema.org\",\"@graph\":[{\"@type\":\"WebPage\",\"@id\":\"https:\/\/florencegrandtour.com\/fr\/les-suites\/\",\"url\":\"https:\/\/florencegrandtour.com\/fr\/les-suites\/\",\"name\":\"Chambres romantiques \u00e0 Florence | B&B dans le centre de Florence\",\"isPartOf\":{\"@id\":\"https:\/\/florencegrandtour.com\/fr\/#website\"},\"primaryImageOfPage\":{\"@id\":\"https:\/\/florencegrandtour.com\/fr\/les-suites\/#primaryimage\"},\"image\":{\"@id\":\"https:\/\/florencegrandtour.com\/fr\/les-suites\/#primaryimage\"},\"thumbnailUrl\":\"https:\/\/florencegrandtour.com\/wp-content\/uploads\/dsc8760-hdr-scaled.jpg\",\"datePublished\":\"2024-09-11T14:14:25+00:00\",\"dateModified\":\"2025-04-25T14:48:48+00:00\",\"description\":\"Florence Grand Tour B&B au centre de Florence avec des chambres et h\u00e9bergements romantiques. Chaque chambre porte les traces du pass\u00e9.\",\"breadcrumb\":{\"@id\":\"https:\/\/florencegrandtour.com\/fr\/les-suites\/#breadcrumb\"},\"inLanguage\":\"fr-FR\",\"potentialAction\":[{\"@type\":\"ReadAction\",\"target\":[\"https:\/\/florencegrandtour.com\/fr\/les-suites\/\"]}]},{\"@type\":\"ImageObject\",\"inLanguage\":\"fr-FR\",\"@id\":\"https:\/\/florencegrandtour.com\/fr\/les-suites\/#primaryimage\",\"url\":\"https:\/\/florencegrandtour.com\/wp-content\/uploads\/dsc8760-hdr-scaled.jpg\",\"contentUrl\":\"https:\/\/florencegrandtour.com\/wp-content\/uploads\/dsc8760-hdr-scaled.jpg\",\"width\":2560,\"height\":1707},{\"@type\":\"BreadcrumbList\",\"@id\":\"https:\/\/florencegrandtour.com\/fr\/les-suites\/#breadcrumb\",\"itemListElement\":[{\"@type\":\"ListItem\",\"position\":1,\"name\":\"Home\",\"item\":\"https:\/\/florencegrandtour.com\/fr\/\"},{\"@type\":\"ListItem\",\"position\":2,\"name\":\"Chambres &#038; Suites\"}]},{\"@type\":\"WebSite\",\"@id\":\"https:\/\/florencegrandtour.com\/fr\/#website\",\"url\":\"https:\/\/florencegrandtour.com\/fr\/\",\"name\":\"Florence Grand Tour\",\"description\":\"\",\"publisher\":{\"@id\":\"https:\/\/florencegrandtour.com\/fr\/#organization\"},\"potentialAction\":[{\"@type\":\"SearchAction\",\"target\":{\"@type\":\"EntryPoint\",\"urlTemplate\":\"https:\/\/florencegrandtour.com\/fr\/?s={search_term_string}\"},\"query-input\":{\"@type\":\"PropertyValueSpecification\",\"valueRequired\":true,\"valueName\":\"search_term_string\"}}],\"inLanguage\":\"fr-FR\"},{\"@type\":\"Organization\",\"@id\":\"https:\/\/florencegrandtour.com\/fr\/#organization\",\"name\":\"Florence Grand Tour\",\"url\":\"https:\/\/florencegrandtour.com\/fr\/\",\"logo\":{\"@type\":\"ImageObject\",\"inLanguage\":\"fr-FR\",\"@id\":\"https:\/\/florencegrandtour.com\/fr\/#\/schema\/logo\/image\/\",\"url\":\"https:\/\/florencegrandtour.com\/wp-content\/uploads\/logo\/logo-new.png\",\"contentUrl\":\"https:\/\/florencegrandtour.com\/wp-content\/uploads\/logo\/logo-new.png\",\"width\":2560,\"height\":1741,\"caption\":\"Florence Grand Tour\"},\"image\":{\"@id\":\"https:\/\/florencegrandtour.com\/fr\/#\/schema\/logo\/image\/\"}}]}<\/script>\n<!-- \/ Yoast SEO Premium plugin. -->","yoast_head_json":{"title":"Chambres romantiques \u00e0 Florence | B&B dans le centre de Florence","description":"Florence Grand Tour B&B au centre de Florence avec des chambres et h\u00e9bergements romantiques. Chaque chambre porte les traces du pass\u00e9.","robots":{"index":"index","follow":"follow","max-snippet":"max-snippet:-1","max-image-preview":"max-image-preview:large","max-video-preview":"max-video-preview:-1"},"canonical":"https:\/\/florencegrandtour.com\/fr\/les-suites\/","og_locale":"fr_FR","og_type":"article","og_title":"Chambres & Suites","og_description":"Florence Grand Tour B&B au centre de Florence avec des chambres et h\u00e9bergements romantiques. Chaque chambre porte les traces du pass\u00e9.","og_url":"https:\/\/florencegrandtour.com\/fr\/les-suites\/","og_site_name":"Florence Grand Tour","article_modified_time":"2025-04-25T14:48:48+00:00","og_image":[{"width":2560,"height":1707,"url":"https:\/\/florencegrandtour.com\/wp-content\/uploads\/dsc8760-hdr-scaled.jpg","type":"image\/jpeg"}],"twitter_card":"summary_large_image","schema":{"@context":"https:\/\/schema.org","@graph":[{"@type":"WebPage","@id":"https:\/\/florencegrandtour.com\/fr\/les-suites\/","url":"https:\/\/florencegrandtour.com\/fr\/les-suites\/","name":"Chambres romantiques \u00e0 Florence | B&B dans le centre de Florence","isPartOf":{"@id":"https:\/\/florencegrandtour.com\/fr\/#website"},"primaryImageOfPage":{"@id":"https:\/\/florencegrandtour.com\/fr\/les-suites\/#primaryimage"},"image":{"@id":"https:\/\/florencegrandtour.com\/fr\/les-suites\/#primaryimage"},"thumbnailUrl":"https:\/\/florencegrandtour.com\/wp-content\/uploads\/dsc8760-hdr-scaled.jpg","datePublished":"2024-09-11T14:14:25+00:00","dateModified":"2025-04-25T14:48:48+00:00","description":"Florence Grand Tour B&B au centre de Florence avec des chambres et h\u00e9bergements romantiques. Chaque chambre porte les traces du pass\u00e9.","breadcrumb":{"@id":"https:\/\/florencegrandtour.com\/fr\/les-suites\/#breadcrumb"},"inLanguage":"fr-FR","potentialAction":[{"@type":"ReadAction","target":["https:\/\/florencegrandtour.com\/fr\/les-suites\/"]}]},{"@type":"ImageObject","inLanguage":"fr-FR","@id":"https:\/\/florencegrandtour.com\/fr\/les-suites\/#primaryimage","url":"https:\/\/florencegrandtour.com\/wp-content\/uploads\/dsc8760-hdr-scaled.jpg","contentUrl":"https:\/\/florencegrandtour.com\/wp-content\/uploads\/dsc8760-hdr-scaled.jpg","width":2560,"height":1707},{"@type":"BreadcrumbList","@id":"https:\/\/florencegrandtour.com\/fr\/les-suites\/#breadcrumb","itemListElement":[{"@type":"ListItem","position":1,"name":"Home","item":"https:\/\/florencegrandtour.com\/fr\/"},{"@type":"ListItem","position":2,"name":"Chambres &#038; Suites"}]},{"@type":"WebSite","@id":"https:\/\/florencegrandtour.com\/fr\/#website","url":"https:\/\/florencegrandtour.com\/fr\/","name":"Florence Grand Tour","description":"","publisher":{"@id":"https:\/\/florencegrandtour.com\/fr\/#organization"},"potentialAction":[{"@type":"SearchAction","target":{"@type":"EntryPoint","urlTemplate":"https:\/\/florencegrandtour.com\/fr\/?s={search_term_string}"},"query-input":{"@type":"PropertyValueSpecification","valueRequired":true,"valueName":"search_term_string"}}],"inLanguage":"fr-FR"},{"@type":"Organization","@id":"https:\/\/florencegrandtour.com\/fr\/#organization","name":"Florence Grand Tour","url":"https:\/\/florencegrandtour.com\/fr\/","logo":{"@type":"ImageObject","inLanguage":"fr-FR","@id":"https:\/\/florencegrandtour.com\/fr\/#\/schema\/logo\/image\/","url":"https:\/\/florencegrandtour.com\/wp-content\/uploads\/logo\/logo-new.png","contentUrl":"https:\/\/florencegrandtour.com\/wp-content\/uploads\/logo\/logo-new.png","width":2560,"height":1741,"caption":"Florence Grand Tour"},"image":{"@id":"https:\/\/florencegrandtour.com\/fr\/#\/schema\/logo\/image\/"}}]}},"_links":{"self":[{"href":"https:\/\/florencegrandtour.com\/fr\/wp-json\/wp\/v2\/pages\/2093","targetHints":{"allow":["GET"]}}],"collection":[{"href":"https:\/\/florencegrandtour.com\/fr\/wp-json\/wp\/v2\/pages"}],"about":[{"href":"https:\/\/florencegrandtour.com\/fr\/wp-json\/wp\/v2\/types\/page"}],"author":[{"embeddable":true,"href":"https:\/\/florencegrandtour.com\/fr\/wp-json\/wp\/v2\/users\/1"}],"replies":[{"embeddable":true,"href":"https:\/\/florencegrandtour.com\/fr\/wp-json\/wp\/v2\/comments?post=2093"}],"version-history":[{"count":3,"href":"https:\/\/florencegrandtour.com\/fr\/wp-json\/wp\/v2\/pages\/2093\/revisions"}],"predecessor-version":[{"id":2135,"href":"https:\/\/florencegrandtour.com\/fr\/wp-json\/wp\/v2\/pages\/2093\/revisions\/2135"}],"wp:featuredmedia":[{"embeddable":true,"href":"https:\/\/florencegrandtour.com\/fr\/wp-json\/wp\/v2\/media\/2094"}],"wp:attachment":[{"href":"https:\/\/florencegrandtour.com\/fr\/wp-json\/wp\/v2\/media?parent=2093"}],"wp:term":[{"taxonomy":"category","embeddable":true,"href":"https:\/\/florencegrandtour.com\/fr\/wp-json\/wp\/v2\/categories?post=2093"},{"taxonomy":"post_tag","embeddable":true,"href":"https:\/\/florencegrandtour.com\/fr\/wp-json\/wp\/v2\/tags?post=2093"}],"curies":[{"name":"wp","href":"https:\/\/api.w.org\/{rel}","templated":true}]}}