{"id":2096,"date":"2024-07-05T09:27:11","date_gmt":"2024-07-05T09:27:11","guid":{"rendered":"https:\/\/florencegrandtour.com\/le-bb\/"},"modified":"2025-04-08T12:36:33","modified_gmt":"2025-04-08T12:36:33","slug":"le-bb","status":"publish","type":"page","link":"https:\/\/florencegrandtour.com\/fr\/le-bb\/","title":{"rendered":"Le B&#038;B"},"content":{"rendered":"","protected":false},"excerpt":{"rendered":"<p>Votre B&#038;B romantique au centre de Florence. Le B&#038;B est situ\u00e9 dans une rue calme au c\u0153ur du centre historique de Florence. Install\u00e9 dans un b\u00e2timent datant du XVIIIe si\u00e8cle, chaque recoin raconte un morceau d\u2019histoire de sa vie pass\u00e9e.<\/p>\n","protected":false},"author":1,"featured_media":2045,"parent":0,"menu_order":24,"comment_status":"closed","ping_status":"closed","template":"","meta":{"_acf_changed":false,"footnotes":""},"categories":[],"tags":[47],"class_list":["post-2096","page","type-page","status-publish","has-post-thumbnail","hentry","tag-home-fr"],"acf":[],"yoast_head":"<!-- This site is optimized with the Yoast SEO Premium plugin v24.7 (Yoast SEO v24.8.1) - https:\/\/yoast.com\/wordpress\/plugins\/seo\/ -->\n<title>B&amp;B dans le centre de Florence, Italie, Grand Tour Bed &amp; Breakfast Florence<\/title>\n<meta name=\"description\" content=\"Florence Grand Tour B&amp;B \u00e0 Florence, pr\u00e8s de la Galerie des Offices et du Duomo. Le Bed &amp; Breakfast est situ\u00e9 dans une rue calme du centre historique de Florence.\" \/>\n<meta name=\"robots\" content=\"index, follow, max-snippet:-1, max-image-preview:large, max-video-preview:-1\" \/>\n<link rel=\"canonical\" href=\"https:\/\/florencegrandtour.com\/fr\/le-bb\/\" \/>\n<meta property=\"og:locale\" content=\"fr_FR\" \/>\n<meta property=\"og:type\" content=\"article\" \/>\n<meta property=\"og:title\" content=\"Le B&amp;B\" \/>\n<meta property=\"og:description\" content=\"Florence Grand Tour B&amp;B \u00e0 Florence, pr\u00e8s de la Galerie des Offices et du Duomo. Le Bed &amp; Breakfast est situ\u00e9 dans une rue calme du centre historique de Florence.\" \/>\n<meta property=\"og:url\" content=\"https:\/\/florencegrandtour.com\/fr\/le-bb\/\" \/>\n<meta property=\"og:site_name\" content=\"Florence Grand Tour\" \/>\n<meta property=\"article:modified_time\" content=\"2025-04-08T12:36:33+00:00\" \/>\n<meta property=\"og:image\" content=\"https:\/\/florencegrandtour.com\/wp-content\/uploads\/thebb.jpg\" \/>\n\t<meta property=\"og:image:width\" content=\"1500\" \/>\n\t<meta property=\"og:image:height\" content=\"1000\" \/>\n\t<meta property=\"og:image:type\" content=\"image\/jpeg\" \/>\n<meta name=\"twitter:card\" content=\"summary_large_image\" \/>\n<script type=\"application\/ld+json\" class=\"yoast-schema-graph\">{\"@context\":\"https:\/\/schema.org\",\"@graph\":[{\"@type\":\"WebPage\",\"@id\":\"https:\/\/florencegrandtour.com\/fr\/le-bb\/\",\"url\":\"https:\/\/florencegrandtour.com\/fr\/le-bb\/\",\"name\":\"B&B dans le centre de Florence, Italie, Grand Tour Bed & Breakfast Florence\",\"isPartOf\":{\"@id\":\"https:\/\/florencegrandtour.com\/fr\/#website\"},\"primaryImageOfPage\":{\"@id\":\"https:\/\/florencegrandtour.com\/fr\/le-bb\/#primaryimage\"},\"image\":{\"@id\":\"https:\/\/florencegrandtour.com\/fr\/le-bb\/#primaryimage\"},\"thumbnailUrl\":\"https:\/\/florencegrandtour.com\/wp-content\/uploads\/thebb.jpg\",\"datePublished\":\"2024-07-05T09:27:11+00:00\",\"dateModified\":\"2025-04-08T12:36:33+00:00\",\"description\":\"Florence Grand Tour B&B \u00e0 Florence, pr\u00e8s de la Galerie des Offices et du Duomo. Le Bed & Breakfast est situ\u00e9 dans une rue calme du centre historique de Florence.\",\"breadcrumb\":{\"@id\":\"https:\/\/florencegrandtour.com\/fr\/le-bb\/#breadcrumb\"},\"inLanguage\":\"fr-FR\",\"potentialAction\":[{\"@type\":\"ReadAction\",\"target\":[\"https:\/\/florencegrandtour.com\/fr\/le-bb\/\"]}]},{\"@type\":\"ImageObject\",\"inLanguage\":\"fr-FR\",\"@id\":\"https:\/\/florencegrandtour.com\/fr\/le-bb\/#primaryimage\",\"url\":\"https:\/\/florencegrandtour.com\/wp-content\/uploads\/thebb.jpg\",\"contentUrl\":\"https:\/\/florencegrandtour.com\/wp-content\/uploads\/thebb.jpg\",\"width\":1500,\"height\":1000},{\"@type\":\"BreadcrumbList\",\"@id\":\"https:\/\/florencegrandtour.com\/fr\/le-bb\/#breadcrumb\",\"itemListElement\":[{\"@type\":\"ListItem\",\"position\":1,\"name\":\"Home\",\"item\":\"https:\/\/florencegrandtour.com\/fr\/\"},{\"@type\":\"ListItem\",\"position\":2,\"name\":\"Le B&#038;B\"}]},{\"@type\":\"WebSite\",\"@id\":\"https:\/\/florencegrandtour.com\/fr\/#website\",\"url\":\"https:\/\/florencegrandtour.com\/fr\/\",\"name\":\"Florence Grand Tour\",\"description\":\"\",\"publisher\":{\"@id\":\"https:\/\/florencegrandtour.com\/fr\/#organization\"},\"potentialAction\":[{\"@type\":\"SearchAction\",\"target\":{\"@type\":\"EntryPoint\",\"urlTemplate\":\"https:\/\/florencegrandtour.com\/fr\/?s={search_term_string}\"},\"query-input\":{\"@type\":\"PropertyValueSpecification\",\"valueRequired\":true,\"valueName\":\"search_term_string\"}}],\"inLanguage\":\"fr-FR\"},{\"@type\":\"Organization\",\"@id\":\"https:\/\/florencegrandtour.com\/fr\/#organization\",\"name\":\"Florence Grand Tour\",\"url\":\"https:\/\/florencegrandtour.com\/fr\/\",\"logo\":{\"@type\":\"ImageObject\",\"inLanguage\":\"fr-FR\",\"@id\":\"https:\/\/florencegrandtour.com\/fr\/#\/schema\/logo\/image\/\",\"url\":\"https:\/\/florencegrandtour.com\/wp-content\/uploads\/logo\/logo-new.png\",\"contentUrl\":\"https:\/\/florencegrandtour.com\/wp-content\/uploads\/logo\/logo-new.png\",\"width\":2560,\"height\":1741,\"caption\":\"Florence Grand Tour\"},\"image\":{\"@id\":\"https:\/\/florencegrandtour.com\/fr\/#\/schema\/logo\/image\/\"}}]}<\/script>\n<!-- \/ Yoast SEO Premium plugin. -->","yoast_head_json":{"title":"B&B dans le centre de Florence, Italie, Grand Tour Bed & Breakfast Florence","description":"Florence Grand Tour B&B \u00e0 Florence, pr\u00e8s de la Galerie des Offices et du Duomo. Le Bed & Breakfast est situ\u00e9 dans une rue calme du centre historique de Florence.","robots":{"index":"index","follow":"follow","max-snippet":"max-snippet:-1","max-image-preview":"max-image-preview:large","max-video-preview":"max-video-preview:-1"},"canonical":"https:\/\/florencegrandtour.com\/fr\/le-bb\/","og_locale":"fr_FR","og_type":"article","og_title":"Le B&B","og_description":"Florence Grand Tour B&B \u00e0 Florence, pr\u00e8s de la Galerie des Offices et du Duomo. Le Bed & Breakfast est situ\u00e9 dans une rue calme du centre historique de Florence.","og_url":"https:\/\/florencegrandtour.com\/fr\/le-bb\/","og_site_name":"Florence Grand Tour","article_modified_time":"2025-04-08T12:36:33+00:00","og_image":[{"width":1500,"height":1000,"url":"https:\/\/florencegrandtour.com\/wp-content\/uploads\/thebb.jpg","type":"image\/jpeg"}],"twitter_card":"summary_large_image","schema":{"@context":"https:\/\/schema.org","@graph":[{"@type":"WebPage","@id":"https:\/\/florencegrandtour.com\/fr\/le-bb\/","url":"https:\/\/florencegrandtour.com\/fr\/le-bb\/","name":"B&B dans le centre de Florence, Italie, Grand Tour Bed & Breakfast Florence","isPartOf":{"@id":"https:\/\/florencegrandtour.com\/fr\/#website"},"primaryImageOfPage":{"@id":"https:\/\/florencegrandtour.com\/fr\/le-bb\/#primaryimage"},"image":{"@id":"https:\/\/florencegrandtour.com\/fr\/le-bb\/#primaryimage"},"thumbnailUrl":"https:\/\/florencegrandtour.com\/wp-content\/uploads\/thebb.jpg","datePublished":"2024-07-05T09:27:11+00:00","dateModified":"2025-04-08T12:36:33+00:00","description":"Florence Grand Tour B&B \u00e0 Florence, pr\u00e8s de la Galerie des Offices et du Duomo. Le Bed & Breakfast est situ\u00e9 dans une rue calme du centre historique de Florence.","breadcrumb":{"@id":"https:\/\/florencegrandtour.com\/fr\/le-bb\/#breadcrumb"},"inLanguage":"fr-FR","potentialAction":[{"@type":"ReadAction","target":["https:\/\/florencegrandtour.com\/fr\/le-bb\/"]}]},{"@type":"ImageObject","inLanguage":"fr-FR","@id":"https:\/\/florencegrandtour.com\/fr\/le-bb\/#primaryimage","url":"https:\/\/florencegrandtour.com\/wp-content\/uploads\/thebb.jpg","contentUrl":"https:\/\/florencegrandtour.com\/wp-content\/uploads\/thebb.jpg","width":1500,"height":1000},{"@type":"BreadcrumbList","@id":"https:\/\/florencegrandtour.com\/fr\/le-bb\/#breadcrumb","itemListElement":[{"@type":"ListItem","position":1,"name":"Home","item":"https:\/\/florencegrandtour.com\/fr\/"},{"@type":"ListItem","position":2,"name":"Le B&#038;B"}]},{"@type":"WebSite","@id":"https:\/\/florencegrandtour.com\/fr\/#website","url":"https:\/\/florencegrandtour.com\/fr\/","name":"Florence Grand Tour","description":"","publisher":{"@id":"https:\/\/florencegrandtour.com\/fr\/#organization"},"potentialAction":[{"@type":"SearchAction","target":{"@type":"EntryPoint","urlTemplate":"https:\/\/florencegrandtour.com\/fr\/?s={search_term_string}"},"query-input":{"@type":"PropertyValueSpecification","valueRequired":true,"valueName":"search_term_string"}}],"inLanguage":"fr-FR"},{"@type":"Organization","@id":"https:\/\/florencegrandtour.com\/fr\/#organization","name":"Florence Grand Tour","url":"https:\/\/florencegrandtour.com\/fr\/","logo":{"@type":"ImageObject","inLanguage":"fr-FR","@id":"https:\/\/florencegrandtour.com\/fr\/#\/schema\/logo\/image\/","url":"https:\/\/florencegrandtour.com\/wp-content\/uploads\/logo\/logo-new.png","contentUrl":"https:\/\/florencegrandtour.com\/wp-content\/uploads\/logo\/logo-new.png","width":2560,"height":1741,"caption":"Florence Grand Tour"},"image":{"@id":"https:\/\/florencegrandtour.com\/fr\/#\/schema\/logo\/image\/"}}]}},"_links":{"self":[{"href":"https:\/\/florencegrandtour.com\/fr\/wp-json\/wp\/v2\/pages\/2096","targetHints":{"allow":["GET"]}}],"collection":[{"href":"https:\/\/florencegrandtour.com\/fr\/wp-json\/wp\/v2\/pages"}],"about":[{"href":"https:\/\/florencegrandtour.com\/fr\/wp-json\/wp\/v2\/types\/page"}],"author":[{"embeddable":true,"href":"https:\/\/florencegrandtour.com\/fr\/wp-json\/wp\/v2\/users\/1"}],"replies":[{"embeddable":true,"href":"https:\/\/florencegrandtour.com\/fr\/wp-json\/wp\/v2\/comments?post=2096"}],"version-history":[{"count":1,"href":"https:\/\/florencegrandtour.com\/fr\/wp-json\/wp\/v2\/pages\/2096\/revisions"}],"predecessor-version":[{"id":2121,"href":"https:\/\/florencegrandtour.com\/fr\/wp-json\/wp\/v2\/pages\/2096\/revisions\/2121"}],"wp:featuredmedia":[{"embeddable":true,"href":"https:\/\/florencegrandtour.com\/fr\/wp-json\/wp\/v2\/media\/2045"}],"wp:attachment":[{"href":"https:\/\/florencegrandtour.com\/fr\/wp-json\/wp\/v2\/media?parent=2096"}],"wp:term":[{"taxonomy":"category","embeddable":true,"href":"https:\/\/florencegrandtour.com\/fr\/wp-json\/wp\/v2\/categories?post=2096"},{"taxonomy":"post_tag","embeddable":true,"href":"https:\/\/florencegrandtour.com\/fr\/wp-json\/wp\/v2\/tags?post=2096"}],"curies":[{"name":"wp","href":"https:\/\/api.w.org\/{rel}","templated":true}]}}