{"id":2115,"date":"2024-10-18T13:41:52","date_gmt":"2024-10-18T13:41:52","guid":{"rendered":"https:\/\/florencegrandtour.com\/experiences\/"},"modified":"2024-10-18T13:41:52","modified_gmt":"2024-10-18T13:41:52","slug":"experiences","status":"publish","type":"page","link":"https:\/\/florencegrandtour.com\/fr\/experiences\/","title":{"rendered":"Exp\u00e9riences"},"content":{"rendered":"","protected":false},"excerpt":{"rendered":"","protected":false},"author":1,"featured_media":2034,"parent":0,"menu_order":31,"comment_status":"closed","ping_status":"closed","template":"","meta":{"_acf_changed":false,"footnotes":""},"categories":[],"tags":[],"class_list":["post-2115","page","type-page","status-publish","has-post-thumbnail","hentry"],"acf":[],"yoast_head":"<!-- This site is optimized with the Yoast SEO Premium plugin v24.7 (Yoast SEO v24.8.1) - https:\/\/yoast.com\/wordpress\/plugins\/seo\/ -->\n<title>Exp\u00e9riences \u2013 Relais &amp; Maison Grand Tour B&amp;B \u00e0 Florence, Italie<\/title>\n<meta name=\"description\" content=\"Exp\u00e9riences au Relais &amp; Maison Grand Tour, situ\u00e9 dans le centre historique de Florence, en Italie.\" \/>\n<meta name=\"robots\" content=\"index, follow, max-snippet:-1, max-image-preview:large, max-video-preview:-1\" \/>\n<link rel=\"canonical\" href=\"https:\/\/florencegrandtour.com\/fr\/experiences\/\" \/>\n<meta property=\"og:locale\" content=\"fr_FR\" \/>\n<meta property=\"og:type\" content=\"article\" \/>\n<meta property=\"og:title\" content=\"Exp\u00e9riences\" \/>\n<meta property=\"og:description\" content=\"Exp\u00e9riences au Relais &amp; Maison Grand Tour, situ\u00e9 dans le centre historique de Florence, en Italie.\" \/>\n<meta property=\"og:url\" content=\"https:\/\/florencegrandtour.com\/fr\/experiences\/\" \/>\n<meta property=\"og:site_name\" content=\"Florence Grand Tour\" \/>\n<meta property=\"og:image\" content=\"https:\/\/florencegrandtour.com\/wp-content\/uploads\/shutterstock_7664083-scaled.jpg\" \/>\n\t<meta property=\"og:image:width\" content=\"2560\" \/>\n\t<meta property=\"og:image:height\" content=\"1702\" \/>\n\t<meta property=\"og:image:type\" content=\"image\/jpeg\" \/>\n<meta name=\"twitter:card\" content=\"summary_large_image\" \/>\n<script type=\"application\/ld+json\" class=\"yoast-schema-graph\">{\"@context\":\"https:\/\/schema.org\",\"@graph\":[{\"@type\":\"WebPage\",\"@id\":\"https:\/\/florencegrandtour.com\/fr\/experiences\/\",\"url\":\"https:\/\/florencegrandtour.com\/fr\/experiences\/\",\"name\":\"Exp\u00e9riences \u2013 Relais & Maison Grand Tour B&B \u00e0 Florence, Italie\",\"isPartOf\":{\"@id\":\"https:\/\/florencegrandtour.com\/fr\/#website\"},\"primaryImageOfPage\":{\"@id\":\"https:\/\/florencegrandtour.com\/fr\/experiences\/#primaryimage\"},\"image\":{\"@id\":\"https:\/\/florencegrandtour.com\/fr\/experiences\/#primaryimage\"},\"thumbnailUrl\":\"https:\/\/florencegrandtour.com\/wp-content\/uploads\/shutterstock_7664083-scaled.jpg\",\"datePublished\":\"2024-10-18T13:41:52+00:00\",\"description\":\"Exp\u00e9riences au Relais & Maison Grand Tour, situ\u00e9 dans le centre historique de Florence, en Italie.\",\"breadcrumb\":{\"@id\":\"https:\/\/florencegrandtour.com\/fr\/experiences\/#breadcrumb\"},\"inLanguage\":\"fr-FR\",\"potentialAction\":[{\"@type\":\"ReadAction\",\"target\":[\"https:\/\/florencegrandtour.com\/fr\/experiences\/\"]}]},{\"@type\":\"ImageObject\",\"inLanguage\":\"fr-FR\",\"@id\":\"https:\/\/florencegrandtour.com\/fr\/experiences\/#primaryimage\",\"url\":\"https:\/\/florencegrandtour.com\/wp-content\/uploads\/shutterstock_7664083-scaled.jpg\",\"contentUrl\":\"https:\/\/florencegrandtour.com\/wp-content\/uploads\/shutterstock_7664083-scaled.jpg\",\"width\":2560,\"height\":1702},{\"@type\":\"BreadcrumbList\",\"@id\":\"https:\/\/florencegrandtour.com\/fr\/experiences\/#breadcrumb\",\"itemListElement\":[{\"@type\":\"ListItem\",\"position\":1,\"name\":\"Home\",\"item\":\"https:\/\/florencegrandtour.com\/fr\/\"},{\"@type\":\"ListItem\",\"position\":2,\"name\":\"Exp\u00e9riences\"}]},{\"@type\":\"WebSite\",\"@id\":\"https:\/\/florencegrandtour.com\/fr\/#website\",\"url\":\"https:\/\/florencegrandtour.com\/fr\/\",\"name\":\"Florence Grand Tour\",\"description\":\"\",\"publisher\":{\"@id\":\"https:\/\/florencegrandtour.com\/fr\/#organization\"},\"potentialAction\":[{\"@type\":\"SearchAction\",\"target\":{\"@type\":\"EntryPoint\",\"urlTemplate\":\"https:\/\/florencegrandtour.com\/fr\/?s={search_term_string}\"},\"query-input\":{\"@type\":\"PropertyValueSpecification\",\"valueRequired\":true,\"valueName\":\"search_term_string\"}}],\"inLanguage\":\"fr-FR\"},{\"@type\":\"Organization\",\"@id\":\"https:\/\/florencegrandtour.com\/fr\/#organization\",\"name\":\"Florence Grand Tour\",\"url\":\"https:\/\/florencegrandtour.com\/fr\/\",\"logo\":{\"@type\":\"ImageObject\",\"inLanguage\":\"fr-FR\",\"@id\":\"https:\/\/florencegrandtour.com\/fr\/#\/schema\/logo\/image\/\",\"url\":\"https:\/\/florencegrandtour.com\/wp-content\/uploads\/logo\/logo-new.png\",\"contentUrl\":\"https:\/\/florencegrandtour.com\/wp-content\/uploads\/logo\/logo-new.png\",\"width\":2560,\"height\":1741,\"caption\":\"Florence Grand Tour\"},\"image\":{\"@id\":\"https:\/\/florencegrandtour.com\/fr\/#\/schema\/logo\/image\/\"}}]}<\/script>\n<!-- \/ Yoast SEO Premium plugin. -->","yoast_head_json":{"title":"Exp\u00e9riences \u2013 Relais & Maison Grand Tour B&B \u00e0 Florence, Italie","description":"Exp\u00e9riences au Relais & Maison Grand Tour, situ\u00e9 dans le centre historique de Florence, en Italie.","robots":{"index":"index","follow":"follow","max-snippet":"max-snippet:-1","max-image-preview":"max-image-preview:large","max-video-preview":"max-video-preview:-1"},"canonical":"https:\/\/florencegrandtour.com\/fr\/experiences\/","og_locale":"fr_FR","og_type":"article","og_title":"Exp\u00e9riences","og_description":"Exp\u00e9riences au Relais & Maison Grand Tour, situ\u00e9 dans le centre historique de Florence, en Italie.","og_url":"https:\/\/florencegrandtour.com\/fr\/experiences\/","og_site_name":"Florence Grand Tour","og_image":[{"width":2560,"height":1702,"url":"https:\/\/florencegrandtour.com\/wp-content\/uploads\/shutterstock_7664083-scaled.jpg","type":"image\/jpeg"}],"twitter_card":"summary_large_image","schema":{"@context":"https:\/\/schema.org","@graph":[{"@type":"WebPage","@id":"https:\/\/florencegrandtour.com\/fr\/experiences\/","url":"https:\/\/florencegrandtour.com\/fr\/experiences\/","name":"Exp\u00e9riences \u2013 Relais & Maison Grand Tour B&B \u00e0 Florence, Italie","isPartOf":{"@id":"https:\/\/florencegrandtour.com\/fr\/#website"},"primaryImageOfPage":{"@id":"https:\/\/florencegrandtour.com\/fr\/experiences\/#primaryimage"},"image":{"@id":"https:\/\/florencegrandtour.com\/fr\/experiences\/#primaryimage"},"thumbnailUrl":"https:\/\/florencegrandtour.com\/wp-content\/uploads\/shutterstock_7664083-scaled.jpg","datePublished":"2024-10-18T13:41:52+00:00","description":"Exp\u00e9riences au Relais & Maison Grand Tour, situ\u00e9 dans le centre historique de Florence, en Italie.","breadcrumb":{"@id":"https:\/\/florencegrandtour.com\/fr\/experiences\/#breadcrumb"},"inLanguage":"fr-FR","potentialAction":[{"@type":"ReadAction","target":["https:\/\/florencegrandtour.com\/fr\/experiences\/"]}]},{"@type":"ImageObject","inLanguage":"fr-FR","@id":"https:\/\/florencegrandtour.com\/fr\/experiences\/#primaryimage","url":"https:\/\/florencegrandtour.com\/wp-content\/uploads\/shutterstock_7664083-scaled.jpg","contentUrl":"https:\/\/florencegrandtour.com\/wp-content\/uploads\/shutterstock_7664083-scaled.jpg","width":2560,"height":1702},{"@type":"BreadcrumbList","@id":"https:\/\/florencegrandtour.com\/fr\/experiences\/#breadcrumb","itemListElement":[{"@type":"ListItem","position":1,"name":"Home","item":"https:\/\/florencegrandtour.com\/fr\/"},{"@type":"ListItem","position":2,"name":"Exp\u00e9riences"}]},{"@type":"WebSite","@id":"https:\/\/florencegrandtour.com\/fr\/#website","url":"https:\/\/florencegrandtour.com\/fr\/","name":"Florence Grand Tour","description":"","publisher":{"@id":"https:\/\/florencegrandtour.com\/fr\/#organization"},"potentialAction":[{"@type":"SearchAction","target":{"@type":"EntryPoint","urlTemplate":"https:\/\/florencegrandtour.com\/fr\/?s={search_term_string}"},"query-input":{"@type":"PropertyValueSpecification","valueRequired":true,"valueName":"search_term_string"}}],"inLanguage":"fr-FR"},{"@type":"Organization","@id":"https:\/\/florencegrandtour.com\/fr\/#organization","name":"Florence Grand Tour","url":"https:\/\/florencegrandtour.com\/fr\/","logo":{"@type":"ImageObject","inLanguage":"fr-FR","@id":"https:\/\/florencegrandtour.com\/fr\/#\/schema\/logo\/image\/","url":"https:\/\/florencegrandtour.com\/wp-content\/uploads\/logo\/logo-new.png","contentUrl":"https:\/\/florencegrandtour.com\/wp-content\/uploads\/logo\/logo-new.png","width":2560,"height":1741,"caption":"Florence Grand Tour"},"image":{"@id":"https:\/\/florencegrandtour.com\/fr\/#\/schema\/logo\/image\/"}}]}},"_links":{"self":[{"href":"https:\/\/florencegrandtour.com\/fr\/wp-json\/wp\/v2\/pages\/2115","targetHints":{"allow":["GET"]}}],"collection":[{"href":"https:\/\/florencegrandtour.com\/fr\/wp-json\/wp\/v2\/pages"}],"about":[{"href":"https:\/\/florencegrandtour.com\/fr\/wp-json\/wp\/v2\/types\/page"}],"author":[{"embeddable":true,"href":"https:\/\/florencegrandtour.com\/fr\/wp-json\/wp\/v2\/users\/1"}],"replies":[{"embeddable":true,"href":"https:\/\/florencegrandtour.com\/fr\/wp-json\/wp\/v2\/comments?post=2115"}],"version-history":[{"count":0,"href":"https:\/\/florencegrandtour.com\/fr\/wp-json\/wp\/v2\/pages\/2115\/revisions"}],"wp:featuredmedia":[{"embeddable":true,"href":"https:\/\/florencegrandtour.com\/fr\/wp-json\/wp\/v2\/media\/2034"}],"wp:attachment":[{"href":"https:\/\/florencegrandtour.com\/fr\/wp-json\/wp\/v2\/media?parent=2115"}],"wp:term":[{"taxonomy":"category","embeddable":true,"href":"https:\/\/florencegrandtour.com\/fr\/wp-json\/wp\/v2\/categories?post=2115"},{"taxonomy":"post_tag","embeddable":true,"href":"https:\/\/florencegrandtour.com\/fr\/wp-json\/wp\/v2\/tags?post=2115"}],"curies":[{"name":"wp","href":"https:\/\/api.w.org\/{rel}","templated":true}]}}