{"id":1940,"date":"2024-10-11T17:45:04","date_gmt":"2024-10-11T17:45:04","guid":{"rendered":"https:\/\/dev.florencegrandtour.com\/il-nostro-perche\/"},"modified":"2025-02-06T09:26:52","modified_gmt":"2025-02-06T09:26:52","slug":"il-nostro-perche","status":"publish","type":"page","link":"https:\/\/florencegrandtour.com\/it\/il-nostro-perche\/","title":{"rendered":"Il Nostro Perch\u00e8"},"content":{"rendered":"","protected":false},"excerpt":{"rendered":"","protected":false},"author":1,"featured_media":1732,"parent":0,"menu_order":36,"comment_status":"closed","ping_status":"closed","template":"","meta":{"_acf_changed":false,"footnotes":""},"categories":[],"tags":[29],"class_list":["post-1940","page","type-page","status-publish","has-post-thumbnail","hentry","tag-bb"],"acf":[],"yoast_head":"<!-- This site is optimized with the Yoast SEO Premium plugin v24.7 (Yoast SEO v24.8.1) - https:\/\/yoast.com\/wordpress\/plugins\/seo\/ -->\n<title>Florence B&amp;B Relais &amp; Maison Grand Tour - Il Nostro Perch\u00e8<\/title>\n<meta name=\"description\" content=\"Siamo qui per aiutarvi, con calore, attenzione e affidabilit\u00e0, a godervi il vostro tempo nella nostra stupenda citt\u00e0 e regione, cos\u00ec ricche di storia e bellezza.\" \/>\n<meta name=\"robots\" content=\"index, follow, max-snippet:-1, max-image-preview:large, max-video-preview:-1\" \/>\n<link rel=\"canonical\" href=\"https:\/\/florencegrandtour.com\/it\/il-nostro-perche\/\" \/>\n<meta property=\"og:locale\" content=\"it_IT\" \/>\n<meta property=\"og:type\" content=\"article\" \/>\n<meta property=\"og:title\" content=\"Il Nostro Perch\u00e8\" \/>\n<meta property=\"og:description\" content=\"Siamo qui per aiutarvi, con calore, attenzione e affidabilit\u00e0, a godervi il vostro tempo nella nostra stupenda citt\u00e0 e regione, cos\u00ec ricche di storia e bellezza.\" \/>\n<meta property=\"og:url\" content=\"https:\/\/florencegrandtour.com\/it\/il-nostro-perche\/\" \/>\n<meta property=\"og:site_name\" content=\"Florence Grand Tour\" \/>\n<meta property=\"article:modified_time\" content=\"2025-02-06T09:26:52+00:00\" \/>\n<meta property=\"og:image\" content=\"https:\/\/florencegrandtour.com\/wp-content\/uploads\/entrance_building\/building-entrance5-scaled.jpg\" \/>\n\t<meta property=\"og:image:width\" content=\"2560\" \/>\n\t<meta property=\"og:image:height\" content=\"1440\" \/>\n\t<meta property=\"og:image:type\" content=\"image\/jpeg\" \/>\n<meta name=\"twitter:card\" content=\"summary_large_image\" \/>\n<script type=\"application\/ld+json\" class=\"yoast-schema-graph\">{\"@context\":\"https:\/\/schema.org\",\"@graph\":[{\"@type\":\"WebPage\",\"@id\":\"https:\/\/florencegrandtour.com\/it\/il-nostro-perche\/\",\"url\":\"https:\/\/florencegrandtour.com\/it\/il-nostro-perche\/\",\"name\":\"Florence B&B Relais & Maison Grand Tour - Il Nostro Perch\u00e8\",\"isPartOf\":{\"@id\":\"https:\/\/florencegrandtour.com\/it\/#website\"},\"primaryImageOfPage\":{\"@id\":\"https:\/\/florencegrandtour.com\/it\/il-nostro-perche\/#primaryimage\"},\"image\":{\"@id\":\"https:\/\/florencegrandtour.com\/it\/il-nostro-perche\/#primaryimage\"},\"thumbnailUrl\":\"https:\/\/florencegrandtour.com\/wp-content\/uploads\/entrance_building\/building-entrance5-scaled.jpg\",\"datePublished\":\"2024-10-11T17:45:04+00:00\",\"dateModified\":\"2025-02-06T09:26:52+00:00\",\"description\":\"Siamo qui per aiutarvi, con calore, attenzione e affidabilit\u00e0, a godervi il vostro tempo nella nostra stupenda citt\u00e0 e regione, cos\u00ec ricche di storia e bellezza.\",\"breadcrumb\":{\"@id\":\"https:\/\/florencegrandtour.com\/it\/il-nostro-perche\/#breadcrumb\"},\"inLanguage\":\"it-IT\",\"potentialAction\":[{\"@type\":\"ReadAction\",\"target\":[\"https:\/\/florencegrandtour.com\/it\/il-nostro-perche\/\"]}]},{\"@type\":\"ImageObject\",\"inLanguage\":\"it-IT\",\"@id\":\"https:\/\/florencegrandtour.com\/it\/il-nostro-perche\/#primaryimage\",\"url\":\"https:\/\/florencegrandtour.com\/wp-content\/uploads\/entrance_building\/building-entrance5-scaled.jpg\",\"contentUrl\":\"https:\/\/florencegrandtour.com\/wp-content\/uploads\/entrance_building\/building-entrance5-scaled.jpg\",\"width\":2560,\"height\":1440},{\"@type\":\"BreadcrumbList\",\"@id\":\"https:\/\/florencegrandtour.com\/it\/il-nostro-perche\/#breadcrumb\",\"itemListElement\":[{\"@type\":\"ListItem\",\"position\":1,\"name\":\"Home\",\"item\":\"https:\/\/florencegrandtour.com\/it\/\"},{\"@type\":\"ListItem\",\"position\":2,\"name\":\"Il Nostro Perch\u00e8\"}]},{\"@type\":\"WebSite\",\"@id\":\"https:\/\/florencegrandtour.com\/it\/#website\",\"url\":\"https:\/\/florencegrandtour.com\/it\/\",\"name\":\"Florence Grand Tour\",\"description\":\"\",\"publisher\":{\"@id\":\"https:\/\/florencegrandtour.com\/it\/#organization\"},\"potentialAction\":[{\"@type\":\"SearchAction\",\"target\":{\"@type\":\"EntryPoint\",\"urlTemplate\":\"https:\/\/florencegrandtour.com\/it\/?s={search_term_string}\"},\"query-input\":{\"@type\":\"PropertyValueSpecification\",\"valueRequired\":true,\"valueName\":\"search_term_string\"}}],\"inLanguage\":\"it-IT\"},{\"@type\":\"Organization\",\"@id\":\"https:\/\/florencegrandtour.com\/it\/#organization\",\"name\":\"Florence Grand Tour\",\"url\":\"https:\/\/florencegrandtour.com\/it\/\",\"logo\":{\"@type\":\"ImageObject\",\"inLanguage\":\"it-IT\",\"@id\":\"https:\/\/florencegrandtour.com\/it\/#\/schema\/logo\/image\/\",\"url\":\"https:\/\/florencegrandtour.com\/wp-content\/uploads\/logo\/logo-new.png\",\"contentUrl\":\"https:\/\/florencegrandtour.com\/wp-content\/uploads\/logo\/logo-new.png\",\"width\":2560,\"height\":1741,\"caption\":\"Florence Grand Tour\"},\"image\":{\"@id\":\"https:\/\/florencegrandtour.com\/it\/#\/schema\/logo\/image\/\"}}]}<\/script>\n<!-- \/ Yoast SEO Premium plugin. -->","yoast_head_json":{"title":"Florence B&B Relais & Maison Grand Tour - Il Nostro Perch\u00e8","description":"Siamo qui per aiutarvi, con calore, attenzione e affidabilit\u00e0, a godervi il vostro tempo nella nostra stupenda citt\u00e0 e regione, cos\u00ec ricche di storia e bellezza.","robots":{"index":"index","follow":"follow","max-snippet":"max-snippet:-1","max-image-preview":"max-image-preview:large","max-video-preview":"max-video-preview:-1"},"canonical":"https:\/\/florencegrandtour.com\/it\/il-nostro-perche\/","og_locale":"it_IT","og_type":"article","og_title":"Il Nostro Perch\u00e8","og_description":"Siamo qui per aiutarvi, con calore, attenzione e affidabilit\u00e0, a godervi il vostro tempo nella nostra stupenda citt\u00e0 e regione, cos\u00ec ricche di storia e bellezza.","og_url":"https:\/\/florencegrandtour.com\/it\/il-nostro-perche\/","og_site_name":"Florence Grand Tour","article_modified_time":"2025-02-06T09:26:52+00:00","og_image":[{"width":2560,"height":1440,"url":"https:\/\/florencegrandtour.com\/wp-content\/uploads\/entrance_building\/building-entrance5-scaled.jpg","type":"image\/jpeg"}],"twitter_card":"summary_large_image","schema":{"@context":"https:\/\/schema.org","@graph":[{"@type":"WebPage","@id":"https:\/\/florencegrandtour.com\/it\/il-nostro-perche\/","url":"https:\/\/florencegrandtour.com\/it\/il-nostro-perche\/","name":"Florence B&B Relais & Maison Grand Tour - Il Nostro Perch\u00e8","isPartOf":{"@id":"https:\/\/florencegrandtour.com\/it\/#website"},"primaryImageOfPage":{"@id":"https:\/\/florencegrandtour.com\/it\/il-nostro-perche\/#primaryimage"},"image":{"@id":"https:\/\/florencegrandtour.com\/it\/il-nostro-perche\/#primaryimage"},"thumbnailUrl":"https:\/\/florencegrandtour.com\/wp-content\/uploads\/entrance_building\/building-entrance5-scaled.jpg","datePublished":"2024-10-11T17:45:04+00:00","dateModified":"2025-02-06T09:26:52+00:00","description":"Siamo qui per aiutarvi, con calore, attenzione e affidabilit\u00e0, a godervi il vostro tempo nella nostra stupenda citt\u00e0 e regione, cos\u00ec ricche di storia e bellezza.","breadcrumb":{"@id":"https:\/\/florencegrandtour.com\/it\/il-nostro-perche\/#breadcrumb"},"inLanguage":"it-IT","potentialAction":[{"@type":"ReadAction","target":["https:\/\/florencegrandtour.com\/it\/il-nostro-perche\/"]}]},{"@type":"ImageObject","inLanguage":"it-IT","@id":"https:\/\/florencegrandtour.com\/it\/il-nostro-perche\/#primaryimage","url":"https:\/\/florencegrandtour.com\/wp-content\/uploads\/entrance_building\/building-entrance5-scaled.jpg","contentUrl":"https:\/\/florencegrandtour.com\/wp-content\/uploads\/entrance_building\/building-entrance5-scaled.jpg","width":2560,"height":1440},{"@type":"BreadcrumbList","@id":"https:\/\/florencegrandtour.com\/it\/il-nostro-perche\/#breadcrumb","itemListElement":[{"@type":"ListItem","position":1,"name":"Home","item":"https:\/\/florencegrandtour.com\/it\/"},{"@type":"ListItem","position":2,"name":"Il Nostro Perch\u00e8"}]},{"@type":"WebSite","@id":"https:\/\/florencegrandtour.com\/it\/#website","url":"https:\/\/florencegrandtour.com\/it\/","name":"Florence Grand Tour","description":"","publisher":{"@id":"https:\/\/florencegrandtour.com\/it\/#organization"},"potentialAction":[{"@type":"SearchAction","target":{"@type":"EntryPoint","urlTemplate":"https:\/\/florencegrandtour.com\/it\/?s={search_term_string}"},"query-input":{"@type":"PropertyValueSpecification","valueRequired":true,"valueName":"search_term_string"}}],"inLanguage":"it-IT"},{"@type":"Organization","@id":"https:\/\/florencegrandtour.com\/it\/#organization","name":"Florence Grand Tour","url":"https:\/\/florencegrandtour.com\/it\/","logo":{"@type":"ImageObject","inLanguage":"it-IT","@id":"https:\/\/florencegrandtour.com\/it\/#\/schema\/logo\/image\/","url":"https:\/\/florencegrandtour.com\/wp-content\/uploads\/logo\/logo-new.png","contentUrl":"https:\/\/florencegrandtour.com\/wp-content\/uploads\/logo\/logo-new.png","width":2560,"height":1741,"caption":"Florence Grand Tour"},"image":{"@id":"https:\/\/florencegrandtour.com\/it\/#\/schema\/logo\/image\/"}}]}},"_links":{"self":[{"href":"https:\/\/florencegrandtour.com\/it\/wp-json\/wp\/v2\/pages\/1940","targetHints":{"allow":["GET"]}}],"collection":[{"href":"https:\/\/florencegrandtour.com\/it\/wp-json\/wp\/v2\/pages"}],"about":[{"href":"https:\/\/florencegrandtour.com\/it\/wp-json\/wp\/v2\/types\/page"}],"author":[{"embeddable":true,"href":"https:\/\/florencegrandtour.com\/it\/wp-json\/wp\/v2\/users\/1"}],"replies":[{"embeddable":true,"href":"https:\/\/florencegrandtour.com\/it\/wp-json\/wp\/v2\/comments?post=1940"}],"version-history":[{"count":0,"href":"https:\/\/florencegrandtour.com\/it\/wp-json\/wp\/v2\/pages\/1940\/revisions"}],"wp:featuredmedia":[{"embeddable":true,"href":"https:\/\/florencegrandtour.com\/it\/wp-json\/wp\/v2\/media\/1732"}],"wp:attachment":[{"href":"https:\/\/florencegrandtour.com\/it\/wp-json\/wp\/v2\/media?parent=1940"}],"wp:term":[{"taxonomy":"category","embeddable":true,"href":"https:\/\/florencegrandtour.com\/it\/wp-json\/wp\/v2\/categories?post=1940"},{"taxonomy":"post_tag","embeddable":true,"href":"https:\/\/florencegrandtour.com\/it\/wp-json\/wp\/v2\/tags?post=1940"}],"curies":[{"name":"wp","href":"https:\/\/api.w.org\/{rel}","templated":true}]}}